{"id":89,"date":"2018-05-31T03:30:20","date_gmt":"2018-05-31T03:30:20","guid":{"rendered":"https:\/\/themeansar.com\/demo\/wp\/financeup\/lite\/?page_id=16"},"modified":"2019-10-25T19:32:04","modified_gmt":"2019-10-25T19:32:04","slug":"contact","status":"publish","type":"page","link":"https:\/\/mg-cm.fr\/index.php\/contact\/","title":{"rendered":"Contact"},"content":{"rendered":"<h4>Pour contacter MATEO-GARCIA Constructions M\u00e9talliques :<\/h4>\n\n<div class=\"wpcf7 no-js\" id=\"wpcf7-f4-o1\" lang=\"fr-FR\" dir=\"ltr\" data-wpcf7-id=\"4\">\n<div class=\"screen-reader-response\"><p role=\"status\" aria-live=\"polite\" aria-atomic=\"true\"><\/p> <ul><\/ul><\/div>\n<form action=\"\/index.php\/wp-json\/wp\/v2\/pages\/89#wpcf7-f4-o1\" method=\"post\" class=\"wpcf7-form init\" aria-label=\"Formulaire de contact\" novalidate=\"novalidate\" data-status=\"init\">\n<fieldset class=\"hidden-fields-container\"><input type=\"hidden\" name=\"_wpcf7\" value=\"4\" \/><input type=\"hidden\" name=\"_wpcf7_version\" value=\"6.1.5\" \/><input type=\"hidden\" name=\"_wpcf7_locale\" value=\"fr_FR\" \/><input type=\"hidden\" name=\"_wpcf7_unit_tag\" value=\"wpcf7-f4-o1\" \/><input type=\"hidden\" name=\"_wpcf7_container_post\" value=\"0\" \/><input type=\"hidden\" name=\"_wpcf7_posted_data_hash\" value=\"\" \/>\n<\/fieldset>\n<p><label> Votre nom et votre pr\u00e9nom*<br \/>\n<span class=\"wpcf7-form-control-wrap\" data-name=\"your-name\"><input size=\"40\" maxlength=\"400\" class=\"wpcf7-form-control wpcf7-text wpcf7-validates-as-required\" aria-required=\"true\" aria-invalid=\"false\" value=\"\" type=\"text\" name=\"your-name\" \/><\/span> <\/label>\n<\/p>\n<p><label> Votre adresse \u00e9lectronique*<br \/>\n<span class=\"wpcf7-form-control-wrap\" data-name=\"your-email\"><input size=\"40\" maxlength=\"400\" class=\"wpcf7-form-control wpcf7-email wpcf7-validates-as-required wpcf7-text wpcf7-validates-as-email\" aria-required=\"true\" aria-invalid=\"false\" value=\"\" type=\"email\" name=\"your-email\" \/><\/span> <\/label>\n<\/p>\n<p><label> Votre num\u00e9ro de t\u00e9l\u00e9phone<br \/>\n<span class=\"wpcf7-form-control-wrap\" data-name=\"Votrenumrodetlphone\"><input size=\"40\" maxlength=\"400\" class=\"wpcf7-form-control wpcf7-tel wpcf7-text wpcf7-validates-as-tel\" aria-invalid=\"false\" value=\"\" type=\"tel\" name=\"Votrenumrodetlphone\" \/><\/span> <\/label>\n<\/p>\n<p><label> Votre entreprise<br \/>\n<span class=\"wpcf7-form-control-wrap\" data-name=\"Votreentreprise\"><input size=\"40\" maxlength=\"400\" class=\"wpcf7-form-control wpcf7-text\" aria-invalid=\"false\" value=\"\" type=\"text\" name=\"Votreentreprise\" \/><\/span> <\/label>\n<\/p>\n<p><label> Objet<br \/>\n<span class=\"wpcf7-form-control-wrap\" data-name=\"your-subject\"><input size=\"40\" maxlength=\"400\" class=\"wpcf7-form-control wpcf7-text\" aria-invalid=\"false\" value=\"\" type=\"text\" name=\"your-subject\" \/><\/span> <\/label>\n<\/p>\n<p><label> Votre message<br \/>\n<span class=\"wpcf7-form-control-wrap\" data-name=\"your-message\"><textarea cols=\"40\" rows=\"10\" maxlength=\"2000\" class=\"wpcf7-form-control wpcf7-textarea\" aria-invalid=\"false\" name=\"your-message\"><\/textarea><\/span> <\/label>\n<\/p>\n<p><input class=\"wpcf7-form-control wpcf7-submit has-spinner\" type=\"submit\" value=\"Envoyer\" \/>\n<\/p>\n<p>* Champs requis\n<\/p>\n<p>Les donn\u00e9es personnelles collect\u00e9es sur ce formulaire sont exclusivement destin\u00e9es au traitement de votre demande. Pour acc\u00e9der \u00e0 notre politique de confidentialit\u00e9, vous pouvez vous r\u00e9f\u00e9rer aux Mentions l\u00e9gales du site.\n<\/p><p style=\"display: none !important;\" class=\"akismet-fields-container\" data-prefix=\"_wpcf7_ak_\"><label>&#916;<textarea name=\"_wpcf7_ak_hp_textarea\" cols=\"45\" rows=\"8\" maxlength=\"100\"><\/textarea><\/label><input type=\"hidden\" id=\"ak_js_1\" name=\"_wpcf7_ak_js\" value=\"187\"\/><script type=\"text\/javascript\">\n\/* <![CDATA[ *\/\ndocument.getElementById( \"ak_js_1\" ).setAttribute( \"value\", ( new Date() ).getTime() );\n\/* ]]> *\/\n<\/script>\n<\/p><div class=\"wpcf7-response-output\" aria-hidden=\"true\"><\/div>\n<\/form>\n<\/div>\n\n","protected":false},"excerpt":{"rendered":"<p>Pour contacter MATEO-GARCIA Constructions M\u00e9talliques :<\/p>\n","protected":false},"author":1,"featured_media":0,"parent":0,"menu_order":0,"comment_status":"closed","ping_status":"closed","template":"","meta":{"_monsterinsights_skip_tracking":false,"_monsterinsights_sitenote_active":false,"_monsterinsights_sitenote_note":"","_monsterinsights_sitenote_category":0,"footnotes":""},"class_list":["post-89","page","type-page","status-publish","hentry"],"yoast_head":"<!-- This site is optimized with the Yoast SEO plugin v27.5 - https:\/\/yoast.com\/product\/yoast-seo-wordpress\/ -->\n<title>Contact - MATEO-GARCIA Constructions M\u00e9talliques Or\u00e9e d&#039;Anjou<\/title>\n<meta name=\"robots\" content=\"index, follow, max-snippet:-1, max-image-preview:large, max-video-preview:-1\" \/>\n<link rel=\"canonical\" href=\"https:\/\/mg-cm.fr\/index.php\/contact\/\" \/>\n<meta property=\"og:locale\" content=\"fr_FR\" \/>\n<meta property=\"og:type\" content=\"article\" \/>\n<meta property=\"og:title\" content=\"Contact - MATEO-GARCIA Constructions M\u00e9talliques Or\u00e9e d&#039;Anjou\" \/>\n<meta property=\"og:description\" content=\"Pour contacter MATEO-GARCIA Constructions M\u00e9talliques :\" \/>\n<meta property=\"og:url\" content=\"https:\/\/mg-cm.fr\/index.php\/contact\/\" \/>\n<meta property=\"og:site_name\" content=\"MATEO-GARCIA Constructions M\u00e9talliques Or\u00e9e d&#039;Anjou\" \/>\n<meta property=\"article:modified_time\" content=\"2019-10-25T19:32:04+00:00\" \/>\n<meta name=\"twitter:card\" content=\"summary_large_image\" \/>\n<script type=\"application\/ld+json\" class=\"yoast-schema-graph\">{\"@context\":\"https:\\\/\\\/schema.org\",\"@graph\":[{\"@type\":\"WebPage\",\"@id\":\"https:\\\/\\\/mg-cm.fr\\\/index.php\\\/contact\\\/\",\"url\":\"https:\\\/\\\/mg-cm.fr\\\/index.php\\\/contact\\\/\",\"name\":\"Contact - MATEO-GARCIA Constructions M\u00e9talliques Or\u00e9e d&#039;Anjou\",\"isPartOf\":{\"@id\":\"https:\\\/\\\/mg-cm.fr\\\/#website\"},\"datePublished\":\"2018-05-31T03:30:20+00:00\",\"dateModified\":\"2019-10-25T19:32:04+00:00\",\"breadcrumb\":{\"@id\":\"https:\\\/\\\/mg-cm.fr\\\/index.php\\\/contact\\\/#breadcrumb\"},\"inLanguage\":\"fr-FR\",\"potentialAction\":[{\"@type\":\"ReadAction\",\"target\":[\"https:\\\/\\\/mg-cm.fr\\\/index.php\\\/contact\\\/\"]}]},{\"@type\":\"BreadcrumbList\",\"@id\":\"https:\\\/\\\/mg-cm.fr\\\/index.php\\\/contact\\\/#breadcrumb\",\"itemListElement\":[{\"@type\":\"ListItem\",\"position\":1,\"name\":\"Home\",\"item\":\"https:\\\/\\\/mg-cm.fr\\\/\"},{\"@type\":\"ListItem\",\"position\":2,\"name\":\"Contact\"}]},{\"@type\":\"WebSite\",\"@id\":\"https:\\\/\\\/mg-cm.fr\\\/#website\",\"url\":\"https:\\\/\\\/mg-cm.fr\\\/\",\"name\":\"MATEO-GARCIA Constructions M\u00e9talliques Or\u00e9e d&#039;Anjou\",\"description\":\"B\u00e2timents agricoles, commerciaux et industriels en Pays de la Loire\",\"publisher\":{\"@id\":\"https:\\\/\\\/mg-cm.fr\\\/#organization\"},\"potentialAction\":[{\"@type\":\"SearchAction\",\"target\":{\"@type\":\"EntryPoint\",\"urlTemplate\":\"https:\\\/\\\/mg-cm.fr\\\/?s={search_term_string}\"},\"query-input\":{\"@type\":\"PropertyValueSpecification\",\"valueRequired\":true,\"valueName\":\"search_term_string\"}}],\"inLanguage\":\"fr-FR\"},{\"@type\":\"Organization\",\"@id\":\"https:\\\/\\\/mg-cm.fr\\\/#organization\",\"name\":\"MATEO-GARCIA Constructions M\u00e9talliques Or\u00e9e d&#039;Anjou\",\"url\":\"https:\\\/\\\/mg-cm.fr\\\/\",\"logo\":{\"@type\":\"ImageObject\",\"inLanguage\":\"fr-FR\",\"@id\":\"https:\\\/\\\/mg-cm.fr\\\/#\\\/schema\\\/logo\\\/image\\\/\",\"url\":\"https:\\\/\\\/mg-cm.fr\\\/wp-content\\\/uploads\\\/2019\\\/10\\\/cropped-MG-Logo-ConvertImage-15-pourcent-1.jpg\",\"contentUrl\":\"https:\\\/\\\/mg-cm.fr\\\/wp-content\\\/uploads\\\/2019\\\/10\\\/cropped-MG-Logo-ConvertImage-15-pourcent-1.jpg\",\"width\":302,\"height\":242,\"caption\":\"MATEO-GARCIA Constructions M\u00e9talliques Or\u00e9e d&#039;Anjou\"},\"image\":{\"@id\":\"https:\\\/\\\/mg-cm.fr\\\/#\\\/schema\\\/logo\\\/image\\\/\"}}]}<\/script>\n<!-- \/ Yoast SEO plugin. -->","yoast_head_json":{"title":"Contact - MATEO-GARCIA Constructions M\u00e9talliques Or\u00e9e d&#039;Anjou","robots":{"index":"index","follow":"follow","max-snippet":"max-snippet:-1","max-image-preview":"max-image-preview:large","max-video-preview":"max-video-preview:-1"},"canonical":"https:\/\/mg-cm.fr\/index.php\/contact\/","og_locale":"fr_FR","og_type":"article","og_title":"Contact - MATEO-GARCIA Constructions M\u00e9talliques Or\u00e9e d&#039;Anjou","og_description":"Pour contacter MATEO-GARCIA Constructions M\u00e9talliques :","og_url":"https:\/\/mg-cm.fr\/index.php\/contact\/","og_site_name":"MATEO-GARCIA Constructions M\u00e9talliques Or\u00e9e d&#039;Anjou","article_modified_time":"2019-10-25T19:32:04+00:00","twitter_card":"summary_large_image","schema":{"@context":"https:\/\/schema.org","@graph":[{"@type":"WebPage","@id":"https:\/\/mg-cm.fr\/index.php\/contact\/","url":"https:\/\/mg-cm.fr\/index.php\/contact\/","name":"Contact - MATEO-GARCIA Constructions M\u00e9talliques Or\u00e9e d&#039;Anjou","isPartOf":{"@id":"https:\/\/mg-cm.fr\/#website"},"datePublished":"2018-05-31T03:30:20+00:00","dateModified":"2019-10-25T19:32:04+00:00","breadcrumb":{"@id":"https:\/\/mg-cm.fr\/index.php\/contact\/#breadcrumb"},"inLanguage":"fr-FR","potentialAction":[{"@type":"ReadAction","target":["https:\/\/mg-cm.fr\/index.php\/contact\/"]}]},{"@type":"BreadcrumbList","@id":"https:\/\/mg-cm.fr\/index.php\/contact\/#breadcrumb","itemListElement":[{"@type":"ListItem","position":1,"name":"Home","item":"https:\/\/mg-cm.fr\/"},{"@type":"ListItem","position":2,"name":"Contact"}]},{"@type":"WebSite","@id":"https:\/\/mg-cm.fr\/#website","url":"https:\/\/mg-cm.fr\/","name":"MATEO-GARCIA Constructions M\u00e9talliques Or\u00e9e d&#039;Anjou","description":"B\u00e2timents agricoles, commerciaux et industriels en Pays de la Loire","publisher":{"@id":"https:\/\/mg-cm.fr\/#organization"},"potentialAction":[{"@type":"SearchAction","target":{"@type":"EntryPoint","urlTemplate":"https:\/\/mg-cm.fr\/?s={search_term_string}"},"query-input":{"@type":"PropertyValueSpecification","valueRequired":true,"valueName":"search_term_string"}}],"inLanguage":"fr-FR"},{"@type":"Organization","@id":"https:\/\/mg-cm.fr\/#organization","name":"MATEO-GARCIA Constructions M\u00e9talliques Or\u00e9e d&#039;Anjou","url":"https:\/\/mg-cm.fr\/","logo":{"@type":"ImageObject","inLanguage":"fr-FR","@id":"https:\/\/mg-cm.fr\/#\/schema\/logo\/image\/","url":"https:\/\/mg-cm.fr\/wp-content\/uploads\/2019\/10\/cropped-MG-Logo-ConvertImage-15-pourcent-1.jpg","contentUrl":"https:\/\/mg-cm.fr\/wp-content\/uploads\/2019\/10\/cropped-MG-Logo-ConvertImage-15-pourcent-1.jpg","width":302,"height":242,"caption":"MATEO-GARCIA Constructions M\u00e9talliques Or\u00e9e d&#039;Anjou"},"image":{"@id":"https:\/\/mg-cm.fr\/#\/schema\/logo\/image\/"}}]}},"jetpack_sharing_enabled":true,"_links":{"self":[{"href":"https:\/\/mg-cm.fr\/index.php\/wp-json\/wp\/v2\/pages\/89","targetHints":{"allow":["GET"]}}],"collection":[{"href":"https:\/\/mg-cm.fr\/index.php\/wp-json\/wp\/v2\/pages"}],"about":[{"href":"https:\/\/mg-cm.fr\/index.php\/wp-json\/wp\/v2\/types\/page"}],"author":[{"embeddable":true,"href":"https:\/\/mg-cm.fr\/index.php\/wp-json\/wp\/v2\/users\/1"}],"replies":[{"embeddable":true,"href":"https:\/\/mg-cm.fr\/index.php\/wp-json\/wp\/v2\/comments?post=89"}],"version-history":[{"count":1,"href":"https:\/\/mg-cm.fr\/index.php\/wp-json\/wp\/v2\/pages\/89\/revisions"}],"predecessor-version":[{"id":387,"href":"https:\/\/mg-cm.fr\/index.php\/wp-json\/wp\/v2\/pages\/89\/revisions\/387"}],"wp:attachment":[{"href":"https:\/\/mg-cm.fr\/index.php\/wp-json\/wp\/v2\/media?parent=89"}],"curies":[{"name":"wp","href":"https:\/\/api.w.org\/{rel}","templated":true}]}}