{"id":588,"date":"2022-01-20T11:03:29","date_gmt":"2022-01-20T11:03:29","guid":{"rendered":"https:\/\/mg-cm.fr\/?page_id=588"},"modified":"2022-01-20T11:37:14","modified_gmt":"2022-01-20T11:37:14","slug":"entretien","status":"publish","type":"page","link":"https:\/\/mg-cm.fr\/index.php\/entretien\/","title":{"rendered":"Entretien"},"content":{"rendered":"\n<ul class=\"wp-block-list\"><li>D\u00e9moussage<\/li><li>R\u00e9paration de bardages m\u00e9talliques<\/li><li>R\u00e9paration de constructions m\u00e9talliques<\/li><li>Nettoyage de b\u00e2timents<\/li><\/ul>\n\n\n\n<div class=\"wp-block-jetpack-slideshow aligncenter\" data-effect=\"slide\"><div class=\"wp-block-jetpack-slideshow_container swiper-container\"><ul class=\"wp-block-jetpack-slideshow_swiper-wrapper swiper-wrapper\"><li class=\"wp-block-jetpack-slideshow_slide swiper-slide\"><figure><img loading=\"lazy\" decoding=\"async\" width=\"2560\" height=\"1920\" alt=\"\" class=\"wp-block-jetpack-slideshow_image wp-image-589\" data-id=\"589\" src=\"https:\/\/mg-cm.fr\/wp-content\/uploads\/2022\/01\/IMG_20200327_134556-scaled.jpg\" srcset=\"https:\/\/mg-cm.fr\/wp-content\/uploads\/2022\/01\/IMG_20200327_134556-scaled.jpg 2560w, https:\/\/mg-cm.fr\/wp-content\/uploads\/2022\/01\/IMG_20200327_134556-300x225.jpg 300w, https:\/\/mg-cm.fr\/wp-content\/uploads\/2022\/01\/IMG_20200327_134556-1024x768.jpg 1024w, https:\/\/mg-cm.fr\/wp-content\/uploads\/2022\/01\/IMG_20200327_134556-768x576.jpg 768w, https:\/\/mg-cm.fr\/wp-content\/uploads\/2022\/01\/IMG_20200327_134556-1536x1152.jpg 1536w, https:\/\/mg-cm.fr\/wp-content\/uploads\/2022\/01\/IMG_20200327_134556-2048x1536.jpg 2048w\" sizes=\"(max-width: 2560px) 100vw, 2560px\" \/><\/figure><\/li><li class=\"wp-block-jetpack-slideshow_slide swiper-slide\"><figure><img loading=\"lazy\" decoding=\"async\" width=\"1754\" height=\"1240\" alt=\"\" class=\"wp-block-jetpack-slideshow_image wp-image-593\" data-id=\"593\" src=\"https:\/\/mg-cm.fr\/wp-content\/uploads\/2022\/01\/Demoussage.jpg\" srcset=\"https:\/\/mg-cm.fr\/wp-content\/uploads\/2022\/01\/Demoussage.jpg 1754w, https:\/\/mg-cm.fr\/wp-content\/uploads\/2022\/01\/Demoussage-300x212.jpg 300w, https:\/\/mg-cm.fr\/wp-content\/uploads\/2022\/01\/Demoussage-1024x724.jpg 1024w, https:\/\/mg-cm.fr\/wp-content\/uploads\/2022\/01\/Demoussage-768x543.jpg 768w, https:\/\/mg-cm.fr\/wp-content\/uploads\/2022\/01\/Demoussage-1536x1086.jpg 1536w\" sizes=\"(max-width: 1754px) 100vw, 1754px\" \/><\/figure><\/li><li class=\"wp-block-jetpack-slideshow_slide swiper-slide\"><figure><img loading=\"lazy\" decoding=\"async\" width=\"2560\" height=\"1920\" alt=\"\" class=\"wp-block-jetpack-slideshow_image wp-image-590\" data-id=\"590\" src=\"https:\/\/mg-cm.fr\/wp-content\/uploads\/2022\/01\/IMG_20200327_143245-scaled.jpg\" srcset=\"https:\/\/mg-cm.fr\/wp-content\/uploads\/2022\/01\/IMG_20200327_143245-scaled.jpg 2560w, https:\/\/mg-cm.fr\/wp-content\/uploads\/2022\/01\/IMG_20200327_143245-300x225.jpg 300w, https:\/\/mg-cm.fr\/wp-content\/uploads\/2022\/01\/IMG_20200327_143245-1024x768.jpg 1024w, https:\/\/mg-cm.fr\/wp-content\/uploads\/2022\/01\/IMG_20200327_143245-768x576.jpg 768w, https:\/\/mg-cm.fr\/wp-content\/uploads\/2022\/01\/IMG_20200327_143245-1536x1152.jpg 1536w, https:\/\/mg-cm.fr\/wp-content\/uploads\/2022\/01\/IMG_20200327_143245-2048x1536.jpg 2048w\" sizes=\"(max-width: 2560px) 100vw, 2560px\" \/><\/figure><\/li><\/ul><a class=\"wp-block-jetpack-slideshow_button-prev swiper-button-prev swiper-button-white\" role=\"button\"><\/a><a class=\"wp-block-jetpack-slideshow_button-next swiper-button-next swiper-button-white\" role=\"button\"><\/a><a aria-label=\"Pause Slideshow\" class=\"wp-block-jetpack-slideshow_button-pause\" role=\"button\"><\/a><div class=\"wp-block-jetpack-slideshow_pagination swiper-pagination swiper-pagination-white\"><\/div><\/div><\/div>\n","protected":false},"excerpt":{"rendered":"<p>D\u00e9moussage R\u00e9paration de bardages m\u00e9talliques R\u00e9paration de constructions m\u00e9talliques Nettoyage de b\u00e2timents<\/p>\n","protected":false},"author":1,"featured_media":595,"parent":0,"menu_order":0,"comment_status":"closed","ping_status":"closed","template":"","meta":{"_monsterinsights_skip_tracking":false,"_monsterinsights_sitenote_active":false,"_monsterinsights_sitenote_note":"","_monsterinsights_sitenote_category":0,"footnotes":""},"class_list":["post-588","page","type-page","status-publish","has-post-thumbnail","hentry"],"yoast_head":"<!-- This site is optimized with the Yoast SEO plugin v27.5 - https:\/\/yoast.com\/product\/yoast-seo-wordpress\/ -->\n<title>Entretien - MATEO-GARCIA Constructions M\u00e9talliques Or\u00e9e d&#039;Anjou<\/title>\n<meta name=\"robots\" content=\"index, follow, max-snippet:-1, max-image-preview:large, max-video-preview:-1\" \/>\n<link rel=\"canonical\" href=\"https:\/\/mg-cm.fr\/index.php\/entretien\/\" \/>\n<meta property=\"og:locale\" content=\"fr_FR\" \/>\n<meta property=\"og:type\" content=\"article\" \/>\n<meta property=\"og:title\" content=\"Entretien - MATEO-GARCIA Constructions M\u00e9talliques Or\u00e9e d&#039;Anjou\" \/>\n<meta property=\"og:description\" content=\"D\u00e9moussage R\u00e9paration de bardages m\u00e9talliques R\u00e9paration de constructions m\u00e9talliques Nettoyage de b\u00e2timents\" \/>\n<meta property=\"og:url\" content=\"https:\/\/mg-cm.fr\/index.php\/entretien\/\" \/>\n<meta property=\"og:site_name\" content=\"MATEO-GARCIA Constructions M\u00e9talliques Or\u00e9e d&#039;Anjou\" \/>\n<meta property=\"article:modified_time\" content=\"2022-01-20T11:37:14+00:00\" \/>\n<meta property=\"og:image\" content=\"https:\/\/mg-cm.fr\/wp-content\/uploads\/2022\/01\/Photo-toit-scaled.jpg\" \/>\n\t<meta property=\"og:image:width\" content=\"2560\" \/>\n\t<meta property=\"og:image:height\" content=\"1920\" \/>\n\t<meta property=\"og:image:type\" content=\"image\/jpeg\" \/>\n<meta name=\"twitter:card\" content=\"summary_large_image\" \/>\n<meta name=\"twitter:label1\" content=\"Dur\u00e9e de lecture estim\u00e9e\" \/>\n\t<meta name=\"twitter:data1\" content=\"1 minute\" \/>\n<script type=\"application\/ld+json\" class=\"yoast-schema-graph\">{\"@context\":\"https:\\\/\\\/schema.org\",\"@graph\":[{\"@type\":\"WebPage\",\"@id\":\"https:\\\/\\\/mg-cm.fr\\\/index.php\\\/entretien\\\/\",\"url\":\"https:\\\/\\\/mg-cm.fr\\\/index.php\\\/entretien\\\/\",\"name\":\"Entretien - MATEO-GARCIA Constructions M\u00e9talliques Or\u00e9e d&#039;Anjou\",\"isPartOf\":{\"@id\":\"https:\\\/\\\/mg-cm.fr\\\/#website\"},\"primaryImageOfPage\":{\"@id\":\"https:\\\/\\\/mg-cm.fr\\\/index.php\\\/entretien\\\/#primaryimage\"},\"image\":{\"@id\":\"https:\\\/\\\/mg-cm.fr\\\/index.php\\\/entretien\\\/#primaryimage\"},\"thumbnailUrl\":\"https:\\\/\\\/mg-cm.fr\\\/wp-content\\\/uploads\\\/2022\\\/01\\\/Photo-toit-scaled.jpg\",\"datePublished\":\"2022-01-20T11:03:29+00:00\",\"dateModified\":\"2022-01-20T11:37:14+00:00\",\"breadcrumb\":{\"@id\":\"https:\\\/\\\/mg-cm.fr\\\/index.php\\\/entretien\\\/#breadcrumb\"},\"inLanguage\":\"fr-FR\",\"potentialAction\":[{\"@type\":\"ReadAction\",\"target\":[\"https:\\\/\\\/mg-cm.fr\\\/index.php\\\/entretien\\\/\"]}]},{\"@type\":\"ImageObject\",\"inLanguage\":\"fr-FR\",\"@id\":\"https:\\\/\\\/mg-cm.fr\\\/index.php\\\/entretien\\\/#primaryimage\",\"url\":\"https:\\\/\\\/mg-cm.fr\\\/wp-content\\\/uploads\\\/2022\\\/01\\\/Photo-toit-scaled.jpg\",\"contentUrl\":\"https:\\\/\\\/mg-cm.fr\\\/wp-content\\\/uploads\\\/2022\\\/01\\\/Photo-toit-scaled.jpg\",\"width\":2560,\"height\":1920},{\"@type\":\"BreadcrumbList\",\"@id\":\"https:\\\/\\\/mg-cm.fr\\\/index.php\\\/entretien\\\/#breadcrumb\",\"itemListElement\":[{\"@type\":\"ListItem\",\"position\":1,\"name\":\"Home\",\"item\":\"https:\\\/\\\/mg-cm.fr\\\/\"},{\"@type\":\"ListItem\",\"position\":2,\"name\":\"Entretien\"}]},{\"@type\":\"WebSite\",\"@id\":\"https:\\\/\\\/mg-cm.fr\\\/#website\",\"url\":\"https:\\\/\\\/mg-cm.fr\\\/\",\"name\":\"MATEO-GARCIA Constructions M\u00e9talliques Or\u00e9e d&#039;Anjou\",\"description\":\"B\u00e2timents agricoles, commerciaux et industriels en Pays de la Loire\",\"publisher\":{\"@id\":\"https:\\\/\\\/mg-cm.fr\\\/#organization\"},\"potentialAction\":[{\"@type\":\"SearchAction\",\"target\":{\"@type\":\"EntryPoint\",\"urlTemplate\":\"https:\\\/\\\/mg-cm.fr\\\/?s={search_term_string}\"},\"query-input\":{\"@type\":\"PropertyValueSpecification\",\"valueRequired\":true,\"valueName\":\"search_term_string\"}}],\"inLanguage\":\"fr-FR\"},{\"@type\":\"Organization\",\"@id\":\"https:\\\/\\\/mg-cm.fr\\\/#organization\",\"name\":\"MATEO-GARCIA Constructions M\u00e9talliques Or\u00e9e d&#039;Anjou\",\"url\":\"https:\\\/\\\/mg-cm.fr\\\/\",\"logo\":{\"@type\":\"ImageObject\",\"inLanguage\":\"fr-FR\",\"@id\":\"https:\\\/\\\/mg-cm.fr\\\/#\\\/schema\\\/logo\\\/image\\\/\",\"url\":\"https:\\\/\\\/mg-cm.fr\\\/wp-content\\\/uploads\\\/2019\\\/10\\\/cropped-MG-Logo-ConvertImage-15-pourcent-1.jpg\",\"contentUrl\":\"https:\\\/\\\/mg-cm.fr\\\/wp-content\\\/uploads\\\/2019\\\/10\\\/cropped-MG-Logo-ConvertImage-15-pourcent-1.jpg\",\"width\":302,\"height\":242,\"caption\":\"MATEO-GARCIA Constructions M\u00e9talliques Or\u00e9e d&#039;Anjou\"},\"image\":{\"@id\":\"https:\\\/\\\/mg-cm.fr\\\/#\\\/schema\\\/logo\\\/image\\\/\"}}]}<\/script>\n<!-- \/ Yoast SEO plugin. -->","yoast_head_json":{"title":"Entretien - MATEO-GARCIA Constructions M\u00e9talliques Or\u00e9e d&#039;Anjou","robots":{"index":"index","follow":"follow","max-snippet":"max-snippet:-1","max-image-preview":"max-image-preview:large","max-video-preview":"max-video-preview:-1"},"canonical":"https:\/\/mg-cm.fr\/index.php\/entretien\/","og_locale":"fr_FR","og_type":"article","og_title":"Entretien - MATEO-GARCIA Constructions M\u00e9talliques Or\u00e9e d&#039;Anjou","og_description":"D\u00e9moussage R\u00e9paration de bardages m\u00e9talliques R\u00e9paration de constructions m\u00e9talliques Nettoyage de b\u00e2timents","og_url":"https:\/\/mg-cm.fr\/index.php\/entretien\/","og_site_name":"MATEO-GARCIA Constructions M\u00e9talliques Or\u00e9e d&#039;Anjou","article_modified_time":"2022-01-20T11:37:14+00:00","og_image":[{"width":2560,"height":1920,"url":"https:\/\/mg-cm.fr\/wp-content\/uploads\/2022\/01\/Photo-toit-scaled.jpg","type":"image\/jpeg"}],"twitter_card":"summary_large_image","twitter_misc":{"Dur\u00e9e de lecture estim\u00e9e":"1 minute"},"schema":{"@context":"https:\/\/schema.org","@graph":[{"@type":"WebPage","@id":"https:\/\/mg-cm.fr\/index.php\/entretien\/","url":"https:\/\/mg-cm.fr\/index.php\/entretien\/","name":"Entretien - MATEO-GARCIA Constructions M\u00e9talliques Or\u00e9e d&#039;Anjou","isPartOf":{"@id":"https:\/\/mg-cm.fr\/#website"},"primaryImageOfPage":{"@id":"https:\/\/mg-cm.fr\/index.php\/entretien\/#primaryimage"},"image":{"@id":"https:\/\/mg-cm.fr\/index.php\/entretien\/#primaryimage"},"thumbnailUrl":"https:\/\/mg-cm.fr\/wp-content\/uploads\/2022\/01\/Photo-toit-scaled.jpg","datePublished":"2022-01-20T11:03:29+00:00","dateModified":"2022-01-20T11:37:14+00:00","breadcrumb":{"@id":"https:\/\/mg-cm.fr\/index.php\/entretien\/#breadcrumb"},"inLanguage":"fr-FR","potentialAction":[{"@type":"ReadAction","target":["https:\/\/mg-cm.fr\/index.php\/entretien\/"]}]},{"@type":"ImageObject","inLanguage":"fr-FR","@id":"https:\/\/mg-cm.fr\/index.php\/entretien\/#primaryimage","url":"https:\/\/mg-cm.fr\/wp-content\/uploads\/2022\/01\/Photo-toit-scaled.jpg","contentUrl":"https:\/\/mg-cm.fr\/wp-content\/uploads\/2022\/01\/Photo-toit-scaled.jpg","width":2560,"height":1920},{"@type":"BreadcrumbList","@id":"https:\/\/mg-cm.fr\/index.php\/entretien\/#breadcrumb","itemListElement":[{"@type":"ListItem","position":1,"name":"Home","item":"https:\/\/mg-cm.fr\/"},{"@type":"ListItem","position":2,"name":"Entretien"}]},{"@type":"WebSite","@id":"https:\/\/mg-cm.fr\/#website","url":"https:\/\/mg-cm.fr\/","name":"MATEO-GARCIA Constructions M\u00e9talliques Or\u00e9e d&#039;Anjou","description":"B\u00e2timents agricoles, commerciaux et industriels en Pays de la Loire","publisher":{"@id":"https:\/\/mg-cm.fr\/#organization"},"potentialAction":[{"@type":"SearchAction","target":{"@type":"EntryPoint","urlTemplate":"https:\/\/mg-cm.fr\/?s={search_term_string}"},"query-input":{"@type":"PropertyValueSpecification","valueRequired":true,"valueName":"search_term_string"}}],"inLanguage":"fr-FR"},{"@type":"Organization","@id":"https:\/\/mg-cm.fr\/#organization","name":"MATEO-GARCIA Constructions M\u00e9talliques Or\u00e9e d&#039;Anjou","url":"https:\/\/mg-cm.fr\/","logo":{"@type":"ImageObject","inLanguage":"fr-FR","@id":"https:\/\/mg-cm.fr\/#\/schema\/logo\/image\/","url":"https:\/\/mg-cm.fr\/wp-content\/uploads\/2019\/10\/cropped-MG-Logo-ConvertImage-15-pourcent-1.jpg","contentUrl":"https:\/\/mg-cm.fr\/wp-content\/uploads\/2019\/10\/cropped-MG-Logo-ConvertImage-15-pourcent-1.jpg","width":302,"height":242,"caption":"MATEO-GARCIA Constructions M\u00e9talliques Or\u00e9e d&#039;Anjou"},"image":{"@id":"https:\/\/mg-cm.fr\/#\/schema\/logo\/image\/"}}]}},"jetpack_sharing_enabled":true,"_links":{"self":[{"href":"https:\/\/mg-cm.fr\/index.php\/wp-json\/wp\/v2\/pages\/588","targetHints":{"allow":["GET"]}}],"collection":[{"href":"https:\/\/mg-cm.fr\/index.php\/wp-json\/wp\/v2\/pages"}],"about":[{"href":"https:\/\/mg-cm.fr\/index.php\/wp-json\/wp\/v2\/types\/page"}],"author":[{"embeddable":true,"href":"https:\/\/mg-cm.fr\/index.php\/wp-json\/wp\/v2\/users\/1"}],"replies":[{"embeddable":true,"href":"https:\/\/mg-cm.fr\/index.php\/wp-json\/wp\/v2\/comments?post=588"}],"version-history":[{"count":2,"href":"https:\/\/mg-cm.fr\/index.php\/wp-json\/wp\/v2\/pages\/588\/revisions"}],"predecessor-version":[{"id":594,"href":"https:\/\/mg-cm.fr\/index.php\/wp-json\/wp\/v2\/pages\/588\/revisions\/594"}],"wp:featuredmedia":[{"embeddable":true,"href":"https:\/\/mg-cm.fr\/index.php\/wp-json\/wp\/v2\/media\/595"}],"wp:attachment":[{"href":"https:\/\/mg-cm.fr\/index.php\/wp-json\/wp\/v2\/media?parent=588"}],"curies":[{"name":"wp","href":"https:\/\/api.w.org\/{rel}","templated":true}]}}