{"id":451,"date":"2019-10-30T09:00:11","date_gmt":"2019-10-30T09:00:11","guid":{"rendered":"https:\/\/mg-cm.fr\/?page_id=451"},"modified":"2022-01-20T12:01:05","modified_gmt":"2022-01-20T12:01:05","slug":"serrurerie-mateo-garcia","status":"publish","type":"page","link":"https:\/\/mg-cm.fr\/index.php\/serrurerie-mateo-garcia\/","title":{"rendered":"Serrurerie"},"content":{"rendered":"\n<div class=\"wp-block-jetpack-slideshow aligncenter\" data-autoplay=\"true\" data-delay=\"3\" data-effect=\"fade\"><div class=\"wp-block-jetpack-slideshow_container swiper-container\"><ul class=\"wp-block-jetpack-slideshow_swiper-wrapper swiper-wrapper\"><li class=\"wp-block-jetpack-slideshow_slide swiper-slide\"><figure><img loading=\"lazy\" decoding=\"async\" width=\"3264\" height=\"2448\" alt=\"Serrurerie MATEO-GARCIA\" class=\"wp-block-jetpack-slideshow_image wp-image-32\" data-id=\"32\" src=\"https:\/\/mg-cm.fr\/wp-content\/uploads\/2019\/10\/serrurerie-m\u00e9tallique.jpg\" srcset=\"https:\/\/mg-cm.fr\/wp-content\/uploads\/2019\/10\/serrurerie-m\u00e9tallique.jpg 3264w, https:\/\/mg-cm.fr\/wp-content\/uploads\/2019\/10\/serrurerie-m\u00e9tallique-300x225.jpg 300w, https:\/\/mg-cm.fr\/wp-content\/uploads\/2019\/10\/serrurerie-m\u00e9tallique-768x576.jpg 768w, https:\/\/mg-cm.fr\/wp-content\/uploads\/2019\/10\/serrurerie-m\u00e9tallique-1024x768.jpg 1024w, https:\/\/mg-cm.fr\/wp-content\/uploads\/2019\/10\/serrurerie-m\u00e9tallique-248x186.jpg 248w\" sizes=\"(max-width: 3264px) 100vw, 3264px\" \/><figcaption class=\"wp-block-jetpack-slideshow_caption gallery-caption\">Serrurerie MATEO-GARCIA<\/figcaption><\/figure><\/li><li class=\"wp-block-jetpack-slideshow_slide swiper-slide\"><figure><img loading=\"lazy\" decoding=\"async\" width=\"3264\" height=\"2448\" alt=\"Serrurerie MATEO-GARCIA\" class=\"wp-block-jetpack-slideshow_image wp-image-31\" data-id=\"31\" src=\"https:\/\/mg-cm.fr\/wp-content\/uploads\/2019\/10\/serrurerie-m\u00e9tallique-1.jpg\" srcset=\"https:\/\/mg-cm.fr\/wp-content\/uploads\/2019\/10\/serrurerie-m\u00e9tallique-1.jpg 3264w, https:\/\/mg-cm.fr\/wp-content\/uploads\/2019\/10\/serrurerie-m\u00e9tallique-1-300x225.jpg 300w, https:\/\/mg-cm.fr\/wp-content\/uploads\/2019\/10\/serrurerie-m\u00e9tallique-1-768x576.jpg 768w, https:\/\/mg-cm.fr\/wp-content\/uploads\/2019\/10\/serrurerie-m\u00e9tallique-1-1024x768.jpg 1024w, https:\/\/mg-cm.fr\/wp-content\/uploads\/2019\/10\/serrurerie-m\u00e9tallique-1-248x186.jpg 248w\" sizes=\"(max-width: 3264px) 100vw, 3264px\" \/><figcaption class=\"wp-block-jetpack-slideshow_caption gallery-caption\">Serrurerie MATEO-GARCIA<\/figcaption><\/figure><\/li><li class=\"wp-block-jetpack-slideshow_slide swiper-slide\"><figure><img loading=\"lazy\" decoding=\"async\" width=\"2560\" height=\"1920\" alt=\"\" class=\"wp-block-jetpack-slideshow_image wp-image-648\" data-id=\"648\" src=\"https:\/\/mg-cm.fr\/wp-content\/uploads\/2022\/01\/IMG_20191109_172523-scaled.jpg\" srcset=\"https:\/\/mg-cm.fr\/wp-content\/uploads\/2022\/01\/IMG_20191109_172523-scaled.jpg 2560w, https:\/\/mg-cm.fr\/wp-content\/uploads\/2022\/01\/IMG_20191109_172523-300x225.jpg 300w, https:\/\/mg-cm.fr\/wp-content\/uploads\/2022\/01\/IMG_20191109_172523-1024x768.jpg 1024w, https:\/\/mg-cm.fr\/wp-content\/uploads\/2022\/01\/IMG_20191109_172523-768x576.jpg 768w, https:\/\/mg-cm.fr\/wp-content\/uploads\/2022\/01\/IMG_20191109_172523-1536x1152.jpg 1536w, https:\/\/mg-cm.fr\/wp-content\/uploads\/2022\/01\/IMG_20191109_172523-2048x1536.jpg 2048w\" sizes=\"(max-width: 2560px) 100vw, 2560px\" \/><\/figure><\/li><li class=\"wp-block-jetpack-slideshow_slide swiper-slide\"><figure><img loading=\"lazy\" decoding=\"async\" width=\"1920\" height=\"2560\" alt=\"\" class=\"wp-block-jetpack-slideshow_image wp-image-649\" data-id=\"649\" src=\"https:\/\/mg-cm.fr\/wp-content\/uploads\/2022\/01\/IMG_20200625_172712-scaled.jpg\" srcset=\"https:\/\/mg-cm.fr\/wp-content\/uploads\/2022\/01\/IMG_20200625_172712-scaled.jpg 1920w, https:\/\/mg-cm.fr\/wp-content\/uploads\/2022\/01\/IMG_20200625_172712-225x300.jpg 225w, https:\/\/mg-cm.fr\/wp-content\/uploads\/2022\/01\/IMG_20200625_172712-768x1024.jpg 768w, https:\/\/mg-cm.fr\/wp-content\/uploads\/2022\/01\/IMG_20200625_172712-1152x1536.jpg 1152w, https:\/\/mg-cm.fr\/wp-content\/uploads\/2022\/01\/IMG_20200625_172712-1536x2048.jpg 1536w\" sizes=\"(max-width: 1920px) 100vw, 1920px\" \/><\/figure><\/li><li class=\"wp-block-jetpack-slideshow_slide swiper-slide\"><figure><img loading=\"lazy\" decoding=\"async\" width=\"1920\" height=\"2560\" alt=\"\" class=\"wp-block-jetpack-slideshow_image wp-image-650\" data-id=\"650\" src=\"https:\/\/mg-cm.fr\/wp-content\/uploads\/2022\/01\/IMG_20200703_094826-scaled.jpg\" srcset=\"https:\/\/mg-cm.fr\/wp-content\/uploads\/2022\/01\/IMG_20200703_094826-scaled.jpg 1920w, https:\/\/mg-cm.fr\/wp-content\/uploads\/2022\/01\/IMG_20200703_094826-225x300.jpg 225w, https:\/\/mg-cm.fr\/wp-content\/uploads\/2022\/01\/IMG_20200703_094826-768x1024.jpg 768w, https:\/\/mg-cm.fr\/wp-content\/uploads\/2022\/01\/IMG_20200703_094826-1152x1536.jpg 1152w, https:\/\/mg-cm.fr\/wp-content\/uploads\/2022\/01\/IMG_20200703_094826-1536x2048.jpg 1536w\" sizes=\"(max-width: 1920px) 100vw, 1920px\" \/><\/figure><\/li><li class=\"wp-block-jetpack-slideshow_slide swiper-slide\"><figure><img loading=\"lazy\" decoding=\"async\" width=\"2560\" height=\"1920\" alt=\"\" class=\"wp-block-jetpack-slideshow_image wp-image-651\" data-id=\"651\" src=\"https:\/\/mg-cm.fr\/wp-content\/uploads\/2022\/01\/IMG_20201009_164535-scaled.jpg\" srcset=\"https:\/\/mg-cm.fr\/wp-content\/uploads\/2022\/01\/IMG_20201009_164535-scaled.jpg 2560w, https:\/\/mg-cm.fr\/wp-content\/uploads\/2022\/01\/IMG_20201009_164535-300x225.jpg 300w, https:\/\/mg-cm.fr\/wp-content\/uploads\/2022\/01\/IMG_20201009_164535-1024x768.jpg 1024w, https:\/\/mg-cm.fr\/wp-content\/uploads\/2022\/01\/IMG_20201009_164535-768x576.jpg 768w, https:\/\/mg-cm.fr\/wp-content\/uploads\/2022\/01\/IMG_20201009_164535-1536x1152.jpg 1536w, https:\/\/mg-cm.fr\/wp-content\/uploads\/2022\/01\/IMG_20201009_164535-2048x1536.jpg 2048w\" sizes=\"(max-width: 2560px) 100vw, 2560px\" \/><\/figure><\/li><li class=\"wp-block-jetpack-slideshow_slide swiper-slide\"><figure><img loading=\"lazy\" decoding=\"async\" width=\"2560\" height=\"1920\" alt=\"\" class=\"wp-block-jetpack-slideshow_image wp-image-652\" data-id=\"652\" src=\"https:\/\/mg-cm.fr\/wp-content\/uploads\/2022\/01\/IMG_20210802_143934-scaled.jpg\" srcset=\"https:\/\/mg-cm.fr\/wp-content\/uploads\/2022\/01\/IMG_20210802_143934-scaled.jpg 2560w, https:\/\/mg-cm.fr\/wp-content\/uploads\/2022\/01\/IMG_20210802_143934-300x225.jpg 300w, https:\/\/mg-cm.fr\/wp-content\/uploads\/2022\/01\/IMG_20210802_143934-1024x768.jpg 1024w, https:\/\/mg-cm.fr\/wp-content\/uploads\/2022\/01\/IMG_20210802_143934-768x576.jpg 768w, https:\/\/mg-cm.fr\/wp-content\/uploads\/2022\/01\/IMG_20210802_143934-1536x1152.jpg 1536w, https:\/\/mg-cm.fr\/wp-content\/uploads\/2022\/01\/IMG_20210802_143934-2048x1536.jpg 2048w\" sizes=\"(max-width: 2560px) 100vw, 2560px\" \/><\/figure><\/li><li class=\"wp-block-jetpack-slideshow_slide swiper-slide\"><figure><img loading=\"lazy\" decoding=\"async\" width=\"2560\" height=\"1920\" alt=\"\" class=\"wp-block-jetpack-slideshow_image wp-image-653\" data-id=\"653\" src=\"https:\/\/mg-cm.fr\/wp-content\/uploads\/2022\/01\/IMG_20210802_144523-scaled.jpg\" srcset=\"https:\/\/mg-cm.fr\/wp-content\/uploads\/2022\/01\/IMG_20210802_144523-scaled.jpg 2560w, https:\/\/mg-cm.fr\/wp-content\/uploads\/2022\/01\/IMG_20210802_144523-300x225.jpg 300w, https:\/\/mg-cm.fr\/wp-content\/uploads\/2022\/01\/IMG_20210802_144523-1024x768.jpg 1024w, https:\/\/mg-cm.fr\/wp-content\/uploads\/2022\/01\/IMG_20210802_144523-768x576.jpg 768w, https:\/\/mg-cm.fr\/wp-content\/uploads\/2022\/01\/IMG_20210802_144523-1536x1152.jpg 1536w, https:\/\/mg-cm.fr\/wp-content\/uploads\/2022\/01\/IMG_20210802_144523-2048x1536.jpg 2048w\" sizes=\"(max-width: 2560px) 100vw, 2560px\" \/><\/figure><\/li><\/ul><a class=\"wp-block-jetpack-slideshow_button-prev swiper-button-prev swiper-button-white\" role=\"button\"><\/a><a class=\"wp-block-jetpack-slideshow_button-next swiper-button-next swiper-button-white\" role=\"button\"><\/a><a aria-label=\"Pause Slideshow\" class=\"wp-block-jetpack-slideshow_button-pause\" role=\"button\"><\/a><div class=\"wp-block-jetpack-slideshow_pagination swiper-pagination swiper-pagination-white\"><\/div><\/div><\/div>\n\n\n\n<p>Serrurerie m\u00e9tallique 49<\/p>\n","protected":false},"excerpt":{"rendered":"<p>Serrurerie m\u00e9tallique 49<\/p>\n","protected":false},"author":1,"featured_media":32,"parent":0,"menu_order":0,"comment_status":"closed","ping_status":"closed","template":"","meta":{"_monsterinsights_skip_tracking":false,"_monsterinsights_sitenote_active":false,"_monsterinsights_sitenote_note":"","_monsterinsights_sitenote_category":0,"footnotes":""},"class_list":["post-451","page","type-page","status-publish","has-post-thumbnail","hentry"],"yoast_head":"<!-- This site is optimized with the Yoast SEO plugin v27.5 - https:\/\/yoast.com\/product\/yoast-seo-wordpress\/ -->\n<title>Serrurerie m\u00e9tallique 49 - MG Constructions m\u00e9talliques Pays de la Loire<\/title>\n<meta name=\"description\" content=\"MATEO-GARCIA Constructions m\u00e9talliques : serrurerie m\u00e9tallique 49 et 44 en Pays de la Loire. Garde-corps, portails, escaliers...\" \/>\n<meta name=\"robots\" content=\"index, follow, max-snippet:-1, max-image-preview:large, max-video-preview:-1\" \/>\n<link rel=\"canonical\" href=\"https:\/\/mg-cm.fr\/index.php\/serrurerie-mateo-garcia\/\" \/>\n<meta property=\"og:locale\" content=\"fr_FR\" \/>\n<meta property=\"og:type\" content=\"article\" \/>\n<meta property=\"og:title\" content=\"Serrurerie m\u00e9tallique 49 - MG Constructions m\u00e9talliques Pays de la Loire\" \/>\n<meta property=\"og:description\" content=\"MATEO-GARCIA Constructions m\u00e9talliques : serrurerie m\u00e9tallique 49 et 44 en Pays de la Loire. Garde-corps, portails, escaliers...\" \/>\n<meta property=\"og:url\" content=\"https:\/\/mg-cm.fr\/index.php\/serrurerie-mateo-garcia\/\" \/>\n<meta property=\"og:site_name\" content=\"MATEO-GARCIA Constructions M\u00e9talliques Or\u00e9e d&#039;Anjou\" \/>\n<meta property=\"article:modified_time\" content=\"2022-01-20T12:01:05+00:00\" \/>\n<meta property=\"og:image\" content=\"https:\/\/mg-cm.fr\/wp-content\/uploads\/2019\/10\/serrurerie-m\u00e9tallique.jpg\" \/>\n\t<meta property=\"og:image:width\" content=\"3264\" \/>\n\t<meta property=\"og:image:height\" content=\"2448\" \/>\n\t<meta property=\"og:image:type\" content=\"image\/jpeg\" \/>\n<meta name=\"twitter:card\" content=\"summary_large_image\" \/>\n<meta name=\"twitter:label1\" content=\"Dur\u00e9e de lecture estim\u00e9e\" \/>\n\t<meta name=\"twitter:data1\" content=\"2 minutes\" \/>\n<script type=\"application\/ld+json\" class=\"yoast-schema-graph\">{\"@context\":\"https:\\\/\\\/schema.org\",\"@graph\":[{\"@type\":\"WebPage\",\"@id\":\"https:\\\/\\\/mg-cm.fr\\\/index.php\\\/serrurerie-mateo-garcia\\\/\",\"url\":\"https:\\\/\\\/mg-cm.fr\\\/index.php\\\/serrurerie-mateo-garcia\\\/\",\"name\":\"Serrurerie m\u00e9tallique 49 - MG Constructions m\u00e9talliques Pays de la Loire\",\"isPartOf\":{\"@id\":\"https:\\\/\\\/mg-cm.fr\\\/#website\"},\"primaryImageOfPage\":{\"@id\":\"https:\\\/\\\/mg-cm.fr\\\/index.php\\\/serrurerie-mateo-garcia\\\/#primaryimage\"},\"image\":{\"@id\":\"https:\\\/\\\/mg-cm.fr\\\/index.php\\\/serrurerie-mateo-garcia\\\/#primaryimage\"},\"thumbnailUrl\":\"https:\\\/\\\/mg-cm.fr\\\/wp-content\\\/uploads\\\/2019\\\/10\\\/serrurerie-m\u00e9tallique.jpg\",\"datePublished\":\"2019-10-30T09:00:11+00:00\",\"dateModified\":\"2022-01-20T12:01:05+00:00\",\"description\":\"MATEO-GARCIA Constructions m\u00e9talliques : serrurerie m\u00e9tallique 49 et 44 en Pays de la Loire. Garde-corps, portails, escaliers...\",\"breadcrumb\":{\"@id\":\"https:\\\/\\\/mg-cm.fr\\\/index.php\\\/serrurerie-mateo-garcia\\\/#breadcrumb\"},\"inLanguage\":\"fr-FR\",\"potentialAction\":[{\"@type\":\"ReadAction\",\"target\":[\"https:\\\/\\\/mg-cm.fr\\\/index.php\\\/serrurerie-mateo-garcia\\\/\"]}]},{\"@type\":\"ImageObject\",\"inLanguage\":\"fr-FR\",\"@id\":\"https:\\\/\\\/mg-cm.fr\\\/index.php\\\/serrurerie-mateo-garcia\\\/#primaryimage\",\"url\":\"https:\\\/\\\/mg-cm.fr\\\/wp-content\\\/uploads\\\/2019\\\/10\\\/serrurerie-m\u00e9tallique.jpg\",\"contentUrl\":\"https:\\\/\\\/mg-cm.fr\\\/wp-content\\\/uploads\\\/2019\\\/10\\\/serrurerie-m\u00e9tallique.jpg\",\"width\":3264,\"height\":2448,\"caption\":\"Serrurerie MATEO-GARCIA\"},{\"@type\":\"BreadcrumbList\",\"@id\":\"https:\\\/\\\/mg-cm.fr\\\/index.php\\\/serrurerie-mateo-garcia\\\/#breadcrumb\",\"itemListElement\":[{\"@type\":\"ListItem\",\"position\":1,\"name\":\"Home\",\"item\":\"https:\\\/\\\/mg-cm.fr\\\/\"},{\"@type\":\"ListItem\",\"position\":2,\"name\":\"Serrurerie\"}]},{\"@type\":\"WebSite\",\"@id\":\"https:\\\/\\\/mg-cm.fr\\\/#website\",\"url\":\"https:\\\/\\\/mg-cm.fr\\\/\",\"name\":\"MATEO-GARCIA Constructions M\u00e9talliques Or\u00e9e d&#039;Anjou\",\"description\":\"B\u00e2timents agricoles, commerciaux et industriels en Pays de la Loire\",\"publisher\":{\"@id\":\"https:\\\/\\\/mg-cm.fr\\\/#organization\"},\"potentialAction\":[{\"@type\":\"SearchAction\",\"target\":{\"@type\":\"EntryPoint\",\"urlTemplate\":\"https:\\\/\\\/mg-cm.fr\\\/?s={search_term_string}\"},\"query-input\":{\"@type\":\"PropertyValueSpecification\",\"valueRequired\":true,\"valueName\":\"search_term_string\"}}],\"inLanguage\":\"fr-FR\"},{\"@type\":\"Organization\",\"@id\":\"https:\\\/\\\/mg-cm.fr\\\/#organization\",\"name\":\"MATEO-GARCIA Constructions M\u00e9talliques Or\u00e9e d&#039;Anjou\",\"url\":\"https:\\\/\\\/mg-cm.fr\\\/\",\"logo\":{\"@type\":\"ImageObject\",\"inLanguage\":\"fr-FR\",\"@id\":\"https:\\\/\\\/mg-cm.fr\\\/#\\\/schema\\\/logo\\\/image\\\/\",\"url\":\"https:\\\/\\\/mg-cm.fr\\\/wp-content\\\/uploads\\\/2019\\\/10\\\/cropped-MG-Logo-ConvertImage-15-pourcent-1.jpg\",\"contentUrl\":\"https:\\\/\\\/mg-cm.fr\\\/wp-content\\\/uploads\\\/2019\\\/10\\\/cropped-MG-Logo-ConvertImage-15-pourcent-1.jpg\",\"width\":302,\"height\":242,\"caption\":\"MATEO-GARCIA Constructions M\u00e9talliques Or\u00e9e d&#039;Anjou\"},\"image\":{\"@id\":\"https:\\\/\\\/mg-cm.fr\\\/#\\\/schema\\\/logo\\\/image\\\/\"}}]}<\/script>\n<!-- \/ Yoast SEO plugin. -->","yoast_head_json":{"title":"Serrurerie m\u00e9tallique 49 - MG Constructions m\u00e9talliques Pays de la Loire","description":"MATEO-GARCIA Constructions m\u00e9talliques : serrurerie m\u00e9tallique 49 et 44 en Pays de la Loire. Garde-corps, portails, escaliers...","robots":{"index":"index","follow":"follow","max-snippet":"max-snippet:-1","max-image-preview":"max-image-preview:large","max-video-preview":"max-video-preview:-1"},"canonical":"https:\/\/mg-cm.fr\/index.php\/serrurerie-mateo-garcia\/","og_locale":"fr_FR","og_type":"article","og_title":"Serrurerie m\u00e9tallique 49 - MG Constructions m\u00e9talliques Pays de la Loire","og_description":"MATEO-GARCIA Constructions m\u00e9talliques : serrurerie m\u00e9tallique 49 et 44 en Pays de la Loire. Garde-corps, portails, escaliers...","og_url":"https:\/\/mg-cm.fr\/index.php\/serrurerie-mateo-garcia\/","og_site_name":"MATEO-GARCIA Constructions M\u00e9talliques Or\u00e9e d&#039;Anjou","article_modified_time":"2022-01-20T12:01:05+00:00","og_image":[{"width":3264,"height":2448,"url":"https:\/\/mg-cm.fr\/wp-content\/uploads\/2019\/10\/serrurerie-m\u00e9tallique.jpg","type":"image\/jpeg"}],"twitter_card":"summary_large_image","twitter_misc":{"Dur\u00e9e de lecture estim\u00e9e":"2 minutes"},"schema":{"@context":"https:\/\/schema.org","@graph":[{"@type":"WebPage","@id":"https:\/\/mg-cm.fr\/index.php\/serrurerie-mateo-garcia\/","url":"https:\/\/mg-cm.fr\/index.php\/serrurerie-mateo-garcia\/","name":"Serrurerie m\u00e9tallique 49 - MG Constructions m\u00e9talliques Pays de la Loire","isPartOf":{"@id":"https:\/\/mg-cm.fr\/#website"},"primaryImageOfPage":{"@id":"https:\/\/mg-cm.fr\/index.php\/serrurerie-mateo-garcia\/#primaryimage"},"image":{"@id":"https:\/\/mg-cm.fr\/index.php\/serrurerie-mateo-garcia\/#primaryimage"},"thumbnailUrl":"https:\/\/mg-cm.fr\/wp-content\/uploads\/2019\/10\/serrurerie-m\u00e9tallique.jpg","datePublished":"2019-10-30T09:00:11+00:00","dateModified":"2022-01-20T12:01:05+00:00","description":"MATEO-GARCIA Constructions m\u00e9talliques : serrurerie m\u00e9tallique 49 et 44 en Pays de la Loire. Garde-corps, portails, escaliers...","breadcrumb":{"@id":"https:\/\/mg-cm.fr\/index.php\/serrurerie-mateo-garcia\/#breadcrumb"},"inLanguage":"fr-FR","potentialAction":[{"@type":"ReadAction","target":["https:\/\/mg-cm.fr\/index.php\/serrurerie-mateo-garcia\/"]}]},{"@type":"ImageObject","inLanguage":"fr-FR","@id":"https:\/\/mg-cm.fr\/index.php\/serrurerie-mateo-garcia\/#primaryimage","url":"https:\/\/mg-cm.fr\/wp-content\/uploads\/2019\/10\/serrurerie-m\u00e9tallique.jpg","contentUrl":"https:\/\/mg-cm.fr\/wp-content\/uploads\/2019\/10\/serrurerie-m\u00e9tallique.jpg","width":3264,"height":2448,"caption":"Serrurerie MATEO-GARCIA"},{"@type":"BreadcrumbList","@id":"https:\/\/mg-cm.fr\/index.php\/serrurerie-mateo-garcia\/#breadcrumb","itemListElement":[{"@type":"ListItem","position":1,"name":"Home","item":"https:\/\/mg-cm.fr\/"},{"@type":"ListItem","position":2,"name":"Serrurerie"}]},{"@type":"WebSite","@id":"https:\/\/mg-cm.fr\/#website","url":"https:\/\/mg-cm.fr\/","name":"MATEO-GARCIA Constructions M\u00e9talliques Or\u00e9e d&#039;Anjou","description":"B\u00e2timents agricoles, commerciaux et industriels en Pays de la Loire","publisher":{"@id":"https:\/\/mg-cm.fr\/#organization"},"potentialAction":[{"@type":"SearchAction","target":{"@type":"EntryPoint","urlTemplate":"https:\/\/mg-cm.fr\/?s={search_term_string}"},"query-input":{"@type":"PropertyValueSpecification","valueRequired":true,"valueName":"search_term_string"}}],"inLanguage":"fr-FR"},{"@type":"Organization","@id":"https:\/\/mg-cm.fr\/#organization","name":"MATEO-GARCIA Constructions M\u00e9talliques Or\u00e9e d&#039;Anjou","url":"https:\/\/mg-cm.fr\/","logo":{"@type":"ImageObject","inLanguage":"fr-FR","@id":"https:\/\/mg-cm.fr\/#\/schema\/logo\/image\/","url":"https:\/\/mg-cm.fr\/wp-content\/uploads\/2019\/10\/cropped-MG-Logo-ConvertImage-15-pourcent-1.jpg","contentUrl":"https:\/\/mg-cm.fr\/wp-content\/uploads\/2019\/10\/cropped-MG-Logo-ConvertImage-15-pourcent-1.jpg","width":302,"height":242,"caption":"MATEO-GARCIA Constructions M\u00e9talliques Or\u00e9e d&#039;Anjou"},"image":{"@id":"https:\/\/mg-cm.fr\/#\/schema\/logo\/image\/"}}]}},"jetpack_sharing_enabled":true,"_links":{"self":[{"href":"https:\/\/mg-cm.fr\/index.php\/wp-json\/wp\/v2\/pages\/451","targetHints":{"allow":["GET"]}}],"collection":[{"href":"https:\/\/mg-cm.fr\/index.php\/wp-json\/wp\/v2\/pages"}],"about":[{"href":"https:\/\/mg-cm.fr\/index.php\/wp-json\/wp\/v2\/types\/page"}],"author":[{"embeddable":true,"href":"https:\/\/mg-cm.fr\/index.php\/wp-json\/wp\/v2\/users\/1"}],"replies":[{"embeddable":true,"href":"https:\/\/mg-cm.fr\/index.php\/wp-json\/wp\/v2\/comments?post=451"}],"version-history":[{"count":4,"href":"https:\/\/mg-cm.fr\/index.php\/wp-json\/wp\/v2\/pages\/451\/revisions"}],"predecessor-version":[{"id":654,"href":"https:\/\/mg-cm.fr\/index.php\/wp-json\/wp\/v2\/pages\/451\/revisions\/654"}],"wp:featuredmedia":[{"embeddable":true,"href":"https:\/\/mg-cm.fr\/index.php\/wp-json\/wp\/v2\/media\/32"}],"wp:attachment":[{"href":"https:\/\/mg-cm.fr\/index.php\/wp-json\/wp\/v2\/media?parent=451"}],"curies":[{"name":"wp","href":"https:\/\/api.w.org\/{rel}","templated":true}]}}