{"id":449,"date":"2019-10-30T08:58:39","date_gmt":"2019-10-30T08:58:39","guid":{"rendered":"https:\/\/mg-cm.fr\/?page_id=449"},"modified":"2022-01-20T11:51:10","modified_gmt":"2022-01-20T11:51:10","slug":"bardage-metallique-mateo-garcia","status":"publish","type":"page","link":"https:\/\/mg-cm.fr\/index.php\/bardage-metallique-mateo-garcia\/","title":{"rendered":"Bardage m\u00e9tallique"},"content":{"rendered":"\n<div class=\"wp-block-jetpack-slideshow aligncenter\" data-autoplay=\"true\" data-delay=\"3\" data-effect=\"fade\"><div class=\"wp-block-jetpack-slideshow_container swiper-container\"><ul class=\"wp-block-jetpack-slideshow_swiper-wrapper swiper-wrapper\"><li class=\"wp-block-jetpack-slideshow_slide swiper-slide\"><figure><img loading=\"lazy\" decoding=\"async\" width=\"4032\" height=\"1960\" alt=\"Bardage m\u00e9tallique MATEO-GARCIA\" class=\"wp-block-jetpack-slideshow_image wp-image-30\" data-id=\"30\" src=\"https:\/\/mg-cm.fr\/wp-content\/uploads\/2019\/10\/bardage-m\u00e9tallique.jpg\" srcset=\"https:\/\/mg-cm.fr\/wp-content\/uploads\/2019\/10\/bardage-m\u00e9tallique.jpg 4032w, https:\/\/mg-cm.fr\/wp-content\/uploads\/2019\/10\/bardage-m\u00e9tallique-300x146.jpg 300w, https:\/\/mg-cm.fr\/wp-content\/uploads\/2019\/10\/bardage-m\u00e9tallique-768x373.jpg 768w, https:\/\/mg-cm.fr\/wp-content\/uploads\/2019\/10\/bardage-m\u00e9tallique-1024x498.jpg 1024w, https:\/\/mg-cm.fr\/wp-content\/uploads\/2019\/10\/bardage-m\u00e9tallique-360x175.jpg 360w\" sizes=\"(max-width: 4032px) 100vw, 4032px\" \/><figcaption class=\"wp-block-jetpack-slideshow_caption gallery-caption\">Bardage m\u00e9tallique MATEO-GARCIA<\/figcaption><\/figure><\/li><li class=\"wp-block-jetpack-slideshow_slide swiper-slide\"><figure><img loading=\"lazy\" decoding=\"async\" width=\"3264\" height=\"2448\" alt=\"Bardage m\u00e9tallique MATEO-GARCIA\" class=\"wp-block-jetpack-slideshow_image wp-image-29\" data-id=\"29\" src=\"https:\/\/mg-cm.fr\/wp-content\/uploads\/2019\/10\/bardage-m\u00e9tallique-6.jpg\" srcset=\"https:\/\/mg-cm.fr\/wp-content\/uploads\/2019\/10\/bardage-m\u00e9tallique-6.jpg 3264w, https:\/\/mg-cm.fr\/wp-content\/uploads\/2019\/10\/bardage-m\u00e9tallique-6-300x225.jpg 300w, https:\/\/mg-cm.fr\/wp-content\/uploads\/2019\/10\/bardage-m\u00e9tallique-6-768x576.jpg 768w, https:\/\/mg-cm.fr\/wp-content\/uploads\/2019\/10\/bardage-m\u00e9tallique-6-1024x768.jpg 1024w, https:\/\/mg-cm.fr\/wp-content\/uploads\/2019\/10\/bardage-m\u00e9tallique-6-248x186.jpg 248w\" sizes=\"(max-width: 3264px) 100vw, 3264px\" \/><figcaption class=\"wp-block-jetpack-slideshow_caption gallery-caption\">Bardage m\u00e9tallique MATEO-GARCIA<\/figcaption><\/figure><\/li><li class=\"wp-block-jetpack-slideshow_slide swiper-slide\"><figure><img loading=\"lazy\" decoding=\"async\" width=\"4032\" height=\"1960\" alt=\"Bardage m\u00e9tallique MATEO-GARCIA\" class=\"wp-block-jetpack-slideshow_image wp-image-28\" data-id=\"28\" src=\"https:\/\/mg-cm.fr\/wp-content\/uploads\/2019\/10\/bardage-m\u00e9tallique-5.jpg\" srcset=\"https:\/\/mg-cm.fr\/wp-content\/uploads\/2019\/10\/bardage-m\u00e9tallique-5.jpg 4032w, https:\/\/mg-cm.fr\/wp-content\/uploads\/2019\/10\/bardage-m\u00e9tallique-5-300x146.jpg 300w, https:\/\/mg-cm.fr\/wp-content\/uploads\/2019\/10\/bardage-m\u00e9tallique-5-768x373.jpg 768w, https:\/\/mg-cm.fr\/wp-content\/uploads\/2019\/10\/bardage-m\u00e9tallique-5-1024x498.jpg 1024w, https:\/\/mg-cm.fr\/wp-content\/uploads\/2019\/10\/bardage-m\u00e9tallique-5-360x175.jpg 360w\" sizes=\"(max-width: 4032px) 100vw, 4032px\" \/><figcaption class=\"wp-block-jetpack-slideshow_caption gallery-caption\">Bardage m\u00e9tallique MATEO-GARCIA<\/figcaption><\/figure><\/li><li class=\"wp-block-jetpack-slideshow_slide swiper-slide\"><figure><img loading=\"lazy\" decoding=\"async\" width=\"3024\" height=\"4032\" alt=\"Bardage m\u00e9tallique MATEO-GARCIA\" class=\"wp-block-jetpack-slideshow_image wp-image-27\" data-id=\"27\" src=\"https:\/\/mg-cm.fr\/wp-content\/uploads\/2019\/10\/bardage-m\u00e9tallique-4-e1571825173606.jpg\" srcset=\"https:\/\/mg-cm.fr\/wp-content\/uploads\/2019\/10\/bardage-m\u00e9tallique-4-e1571825173606.jpg 3024w, https:\/\/mg-cm.fr\/wp-content\/uploads\/2019\/10\/bardage-m\u00e9tallique-4-e1571825173606-225x300.jpg 225w, https:\/\/mg-cm.fr\/wp-content\/uploads\/2019\/10\/bardage-m\u00e9tallique-4-e1571825173606-768x1024.jpg 768w, https:\/\/mg-cm.fr\/wp-content\/uploads\/2019\/10\/bardage-m\u00e9tallique-4-e1571825173606-140x186.jpg 140w\" sizes=\"(max-width: 3024px) 100vw, 3024px\" \/><figcaption class=\"wp-block-jetpack-slideshow_caption gallery-caption\">Bardage m\u00e9tallique MATEO-GARCIA<\/figcaption><\/figure><\/li><li class=\"wp-block-jetpack-slideshow_slide swiper-slide\"><figure><img loading=\"lazy\" decoding=\"async\" width=\"4032\" height=\"1960\" alt=\"Bardage m\u00e9tallique MATEO-GARCIA\" class=\"wp-block-jetpack-slideshow_image wp-image-26\" data-id=\"26\" src=\"https:\/\/mg-cm.fr\/wp-content\/uploads\/2019\/10\/bardage-m\u00e9tallique-3.jpg\" srcset=\"https:\/\/mg-cm.fr\/wp-content\/uploads\/2019\/10\/bardage-m\u00e9tallique-3.jpg 4032w, https:\/\/mg-cm.fr\/wp-content\/uploads\/2019\/10\/bardage-m\u00e9tallique-3-300x146.jpg 300w, https:\/\/mg-cm.fr\/wp-content\/uploads\/2019\/10\/bardage-m\u00e9tallique-3-768x373.jpg 768w, https:\/\/mg-cm.fr\/wp-content\/uploads\/2019\/10\/bardage-m\u00e9tallique-3-1024x498.jpg 1024w, https:\/\/mg-cm.fr\/wp-content\/uploads\/2019\/10\/bardage-m\u00e9tallique-3-360x175.jpg 360w\" sizes=\"(max-width: 4032px) 100vw, 4032px\" \/><figcaption class=\"wp-block-jetpack-slideshow_caption gallery-caption\">Bardage m\u00e9tallique MATEO-GARCIA<\/figcaption><\/figure><\/li><li class=\"wp-block-jetpack-slideshow_slide swiper-slide\"><figure><img loading=\"lazy\" decoding=\"async\" width=\"4032\" height=\"1960\" alt=\"Bardage m\u00e9tallique MATEO-GARCIA\" class=\"wp-block-jetpack-slideshow_image wp-image-25\" data-id=\"25\" src=\"https:\/\/mg-cm.fr\/wp-content\/uploads\/2019\/10\/bardage-m\u00e9tallique-2.jpg\" srcset=\"https:\/\/mg-cm.fr\/wp-content\/uploads\/2019\/10\/bardage-m\u00e9tallique-2.jpg 4032w, https:\/\/mg-cm.fr\/wp-content\/uploads\/2019\/10\/bardage-m\u00e9tallique-2-300x146.jpg 300w, https:\/\/mg-cm.fr\/wp-content\/uploads\/2019\/10\/bardage-m\u00e9tallique-2-768x373.jpg 768w, https:\/\/mg-cm.fr\/wp-content\/uploads\/2019\/10\/bardage-m\u00e9tallique-2-1024x498.jpg 1024w, https:\/\/mg-cm.fr\/wp-content\/uploads\/2019\/10\/bardage-m\u00e9tallique-2-360x175.jpg 360w\" sizes=\"(max-width: 4032px) 100vw, 4032px\" \/><figcaption class=\"wp-block-jetpack-slideshow_caption gallery-caption\">Bardage m\u00e9tallique MATEO-GARCIA<\/figcaption><\/figure><\/li><li class=\"wp-block-jetpack-slideshow_slide swiper-slide\"><figure><img loading=\"lazy\" decoding=\"async\" width=\"2560\" height=\"1920\" alt=\"\" class=\"wp-block-jetpack-slideshow_image wp-image-617\" data-id=\"617\" src=\"https:\/\/mg-cm.fr\/wp-content\/uploads\/2022\/01\/20200207_150700-scaled.jpg\" srcset=\"https:\/\/mg-cm.fr\/wp-content\/uploads\/2022\/01\/20200207_150700-scaled.jpg 2560w, https:\/\/mg-cm.fr\/wp-content\/uploads\/2022\/01\/20200207_150700-300x225.jpg 300w, https:\/\/mg-cm.fr\/wp-content\/uploads\/2022\/01\/20200207_150700-1024x768.jpg 1024w, https:\/\/mg-cm.fr\/wp-content\/uploads\/2022\/01\/20200207_150700-768x576.jpg 768w, https:\/\/mg-cm.fr\/wp-content\/uploads\/2022\/01\/20200207_150700-1536x1152.jpg 1536w, https:\/\/mg-cm.fr\/wp-content\/uploads\/2022\/01\/20200207_150700-2048x1536.jpg 2048w\" sizes=\"(max-width: 2560px) 100vw, 2560px\" \/><\/figure><\/li><li class=\"wp-block-jetpack-slideshow_slide swiper-slide\"><figure><img loading=\"lazy\" decoding=\"async\" width=\"1280\" height=\"960\" alt=\"\" class=\"wp-block-jetpack-slideshow_image wp-image-618\" data-id=\"618\" src=\"https:\/\/mg-cm.fr\/wp-content\/uploads\/2022\/01\/Batiment-industriel.jpg\" srcset=\"https:\/\/mg-cm.fr\/wp-content\/uploads\/2022\/01\/Batiment-industriel.jpg 1280w, https:\/\/mg-cm.fr\/wp-content\/uploads\/2022\/01\/Batiment-industriel-300x225.jpg 300w, https:\/\/mg-cm.fr\/wp-content\/uploads\/2022\/01\/Batiment-industriel-1024x768.jpg 1024w, https:\/\/mg-cm.fr\/wp-content\/uploads\/2022\/01\/Batiment-industriel-768x576.jpg 768w\" sizes=\"(max-width: 1280px) 100vw, 1280px\" \/><\/figure><\/li><li class=\"wp-block-jetpack-slideshow_slide swiper-slide\"><figure><img loading=\"lazy\" decoding=\"async\" width=\"480\" height=\"360\" alt=\"\" class=\"wp-block-jetpack-slideshow_image wp-image-619\" data-id=\"619\" src=\"https:\/\/mg-cm.fr\/wp-content\/uploads\/2022\/01\/Bureaux-Batitech-1.jpg\" srcset=\"https:\/\/mg-cm.fr\/wp-content\/uploads\/2022\/01\/Bureaux-Batitech-1.jpg 480w, https:\/\/mg-cm.fr\/wp-content\/uploads\/2022\/01\/Bureaux-Batitech-1-300x225.jpg 300w\" sizes=\"(max-width: 480px) 100vw, 480px\" \/><\/figure><\/li><li class=\"wp-block-jetpack-slideshow_slide swiper-slide\"><figure><img loading=\"lazy\" decoding=\"async\" width=\"480\" height=\"360\" alt=\"\" class=\"wp-block-jetpack-slideshow_image wp-image-620\" data-id=\"620\" src=\"https:\/\/mg-cm.fr\/wp-content\/uploads\/2022\/01\/Entrepot-Cailler-2.jpg\" srcset=\"https:\/\/mg-cm.fr\/wp-content\/uploads\/2022\/01\/Entrepot-Cailler-2.jpg 480w, https:\/\/mg-cm.fr\/wp-content\/uploads\/2022\/01\/Entrepot-Cailler-2-300x225.jpg 300w\" sizes=\"(max-width: 480px) 100vw, 480px\" \/><\/figure><\/li><li class=\"wp-block-jetpack-slideshow_slide swiper-slide\"><figure><img loading=\"lazy\" decoding=\"async\" width=\"640\" height=\"480\" alt=\"\" class=\"wp-block-jetpack-slideshow_image wp-image-621\" data-id=\"621\" src=\"https:\/\/mg-cm.fr\/wp-content\/uploads\/2022\/01\/Entrepot-Cailler-3.jpg\" srcset=\"https:\/\/mg-cm.fr\/wp-content\/uploads\/2022\/01\/Entrepot-Cailler-3.jpg 640w, https:\/\/mg-cm.fr\/wp-content\/uploads\/2022\/01\/Entrepot-Cailler-3-300x225.jpg 300w\" sizes=\"(max-width: 640px) 100vw, 640px\" \/><\/figure><\/li><li class=\"wp-block-jetpack-slideshow_slide swiper-slide\"><figure><img loading=\"lazy\" decoding=\"async\" width=\"1280\" height=\"960\" alt=\"\" class=\"wp-block-jetpack-slideshow_image wp-image-622\" data-id=\"622\" src=\"https:\/\/mg-cm.fr\/wp-content\/uploads\/2022\/01\/Garage.jpg\" srcset=\"https:\/\/mg-cm.fr\/wp-content\/uploads\/2022\/01\/Garage.jpg 1280w, https:\/\/mg-cm.fr\/wp-content\/uploads\/2022\/01\/Garage-300x225.jpg 300w, https:\/\/mg-cm.fr\/wp-content\/uploads\/2022\/01\/Garage-1024x768.jpg 1024w, https:\/\/mg-cm.fr\/wp-content\/uploads\/2022\/01\/Garage-768x576.jpg 768w\" sizes=\"(max-width: 1280px) 100vw, 1280px\" \/><\/figure><\/li><li class=\"wp-block-jetpack-slideshow_slide swiper-slide\"><figure><img loading=\"lazy\" decoding=\"async\" width=\"2560\" height=\"1920\" alt=\"\" class=\"wp-block-jetpack-slideshow_image wp-image-623\" data-id=\"623\" src=\"https:\/\/mg-cm.fr\/wp-content\/uploads\/2022\/01\/image15-scaled.jpeg\" srcset=\"https:\/\/mg-cm.fr\/wp-content\/uploads\/2022\/01\/image15-scaled.jpeg 2560w, https:\/\/mg-cm.fr\/wp-content\/uploads\/2022\/01\/image15-300x225.jpeg 300w, https:\/\/mg-cm.fr\/wp-content\/uploads\/2022\/01\/image15-1024x768.jpeg 1024w, https:\/\/mg-cm.fr\/wp-content\/uploads\/2022\/01\/image15-768x576.jpeg 768w, https:\/\/mg-cm.fr\/wp-content\/uploads\/2022\/01\/image15-1536x1152.jpeg 1536w, https:\/\/mg-cm.fr\/wp-content\/uploads\/2022\/01\/image15-2048x1536.jpeg 2048w\" sizes=\"(max-width: 2560px) 100vw, 2560px\" \/><\/figure><\/li><li class=\"wp-block-jetpack-slideshow_slide swiper-slide\"><figure><img loading=\"lazy\" decoding=\"async\" width=\"2560\" height=\"1920\" alt=\"\" class=\"wp-block-jetpack-slideshow_image wp-image-624\" data-id=\"624\" src=\"https:\/\/mg-cm.fr\/wp-content\/uploads\/2022\/01\/IMG_20211022_112329-scaled.jpg\" srcset=\"https:\/\/mg-cm.fr\/wp-content\/uploads\/2022\/01\/IMG_20211022_112329-scaled.jpg 2560w, https:\/\/mg-cm.fr\/wp-content\/uploads\/2022\/01\/IMG_20211022_112329-300x225.jpg 300w, https:\/\/mg-cm.fr\/wp-content\/uploads\/2022\/01\/IMG_20211022_112329-1024x768.jpg 1024w, https:\/\/mg-cm.fr\/wp-content\/uploads\/2022\/01\/IMG_20211022_112329-768x576.jpg 768w, https:\/\/mg-cm.fr\/wp-content\/uploads\/2022\/01\/IMG_20211022_112329-1536x1152.jpg 1536w, https:\/\/mg-cm.fr\/wp-content\/uploads\/2022\/01\/IMG_20211022_112329-2048x1536.jpg 2048w\" sizes=\"(max-width: 2560px) 100vw, 2560px\" \/><\/figure><\/li><li class=\"wp-block-jetpack-slideshow_slide swiper-slide\"><figure><img loading=\"lazy\" decoding=\"async\" width=\"2560\" height=\"1920\" alt=\"\" class=\"wp-block-jetpack-slideshow_image wp-image-625\" data-id=\"625\" src=\"https:\/\/mg-cm.fr\/wp-content\/uploads\/2022\/01\/IMG20220119110230-scaled.jpg\" srcset=\"https:\/\/mg-cm.fr\/wp-content\/uploads\/2022\/01\/IMG20220119110230-scaled.jpg 2560w, https:\/\/mg-cm.fr\/wp-content\/uploads\/2022\/01\/IMG20220119110230-300x225.jpg 300w, https:\/\/mg-cm.fr\/wp-content\/uploads\/2022\/01\/IMG20220119110230-1024x768.jpg 1024w, https:\/\/mg-cm.fr\/wp-content\/uploads\/2022\/01\/IMG20220119110230-768x576.jpg 768w, https:\/\/mg-cm.fr\/wp-content\/uploads\/2022\/01\/IMG20220119110230-1536x1152.jpg 1536w, https:\/\/mg-cm.fr\/wp-content\/uploads\/2022\/01\/IMG20220119110230-2048x1536.jpg 2048w\" sizes=\"(max-width: 2560px) 100vw, 2560px\" \/><\/figure><\/li><li class=\"wp-block-jetpack-slideshow_slide swiper-slide\"><figure><img loading=\"lazy\" decoding=\"async\" width=\"2560\" height=\"1920\" alt=\"\" class=\"wp-block-jetpack-slideshow_image wp-image-626\" data-id=\"626\" src=\"https:\/\/mg-cm.fr\/wp-content\/uploads\/2022\/01\/IMG20220119111250-scaled.jpg\" srcset=\"https:\/\/mg-cm.fr\/wp-content\/uploads\/2022\/01\/IMG20220119111250-scaled.jpg 2560w, https:\/\/mg-cm.fr\/wp-content\/uploads\/2022\/01\/IMG20220119111250-300x225.jpg 300w, https:\/\/mg-cm.fr\/wp-content\/uploads\/2022\/01\/IMG20220119111250-1024x768.jpg 1024w, https:\/\/mg-cm.fr\/wp-content\/uploads\/2022\/01\/IMG20220119111250-768x576.jpg 768w, https:\/\/mg-cm.fr\/wp-content\/uploads\/2022\/01\/IMG20220119111250-1536x1152.jpg 1536w, https:\/\/mg-cm.fr\/wp-content\/uploads\/2022\/01\/IMG20220119111250-2048x1536.jpg 2048w\" sizes=\"(max-width: 2560px) 100vw, 2560px\" \/><\/figure><\/li><li class=\"wp-block-jetpack-slideshow_slide swiper-slide\"><figure><img loading=\"lazy\" decoding=\"async\" width=\"960\" height=\"720\" alt=\"\" class=\"wp-block-jetpack-slideshow_image wp-image-627\" data-id=\"627\" src=\"https:\/\/mg-cm.fr\/wp-content\/uploads\/2022\/01\/ST-Teopolitube-2.jpg\" srcset=\"https:\/\/mg-cm.fr\/wp-content\/uploads\/2022\/01\/ST-Teopolitube-2.jpg 960w, https:\/\/mg-cm.fr\/wp-content\/uploads\/2022\/01\/ST-Teopolitube-2-300x225.jpg 300w, https:\/\/mg-cm.fr\/wp-content\/uploads\/2022\/01\/ST-Teopolitube-2-768x576.jpg 768w\" sizes=\"(max-width: 960px) 100vw, 960px\" \/><\/figure><\/li><li class=\"wp-block-jetpack-slideshow_slide swiper-slide\"><figure><img loading=\"lazy\" decoding=\"async\" width=\"2560\" height=\"1920\" alt=\"\" class=\"wp-block-jetpack-slideshow_image wp-image-628\" data-id=\"628\" src=\"https:\/\/mg-cm.fr\/wp-content\/uploads\/2022\/01\/Sylvain-LEPESTRE-scaled.jpg\" srcset=\"https:\/\/mg-cm.fr\/wp-content\/uploads\/2022\/01\/Sylvain-LEPESTRE-scaled.jpg 2560w, https:\/\/mg-cm.fr\/wp-content\/uploads\/2022\/01\/Sylvain-LEPESTRE-300x225.jpg 300w, https:\/\/mg-cm.fr\/wp-content\/uploads\/2022\/01\/Sylvain-LEPESTRE-1024x768.jpg 1024w, https:\/\/mg-cm.fr\/wp-content\/uploads\/2022\/01\/Sylvain-LEPESTRE-768x576.jpg 768w, https:\/\/mg-cm.fr\/wp-content\/uploads\/2022\/01\/Sylvain-LEPESTRE-1536x1152.jpg 1536w, https:\/\/mg-cm.fr\/wp-content\/uploads\/2022\/01\/Sylvain-LEPESTRE-2048x1536.jpg 2048w\" sizes=\"(max-width: 2560px) 100vw, 2560px\" \/><\/figure><\/li><li class=\"wp-block-jetpack-slideshow_slide swiper-slide\"><figure><img loading=\"lazy\" decoding=\"async\" width=\"240\" height=\"180\" alt=\"\" class=\"wp-block-jetpack-slideshow_image wp-image-629\" data-id=\"629\" src=\"https:\/\/mg-cm.fr\/wp-content\/uploads\/2022\/01\/webmail.mg-cm.fr_.jpg\"\/><\/figure><\/li><\/ul><a class=\"wp-block-jetpack-slideshow_button-prev swiper-button-prev swiper-button-white\" role=\"button\"><\/a><a class=\"wp-block-jetpack-slideshow_button-next swiper-button-next swiper-button-white\" role=\"button\"><\/a><a aria-label=\"Pause Slideshow\" class=\"wp-block-jetpack-slideshow_button-pause\" role=\"button\"><\/a><div class=\"wp-block-jetpack-slideshow_pagination swiper-pagination swiper-pagination-white\"><\/div><\/div><\/div>\n\n\n\n<p>Bardage m\u00e9tallique 49<\/p>\n\n\n\n<p><\/p>\n\n\n\n<p><\/p>\n","protected":false},"excerpt":{"rendered":"<p>Bardage m\u00e9tallique 49<\/p>\n","protected":false},"author":1,"featured_media":0,"parent":0,"menu_order":0,"comment_status":"closed","ping_status":"closed","template":"","meta":{"_monsterinsights_skip_tracking":false,"_monsterinsights_sitenote_active":false,"_monsterinsights_sitenote_note":"","_monsterinsights_sitenote_category":0,"footnotes":""},"class_list":["post-449","page","type-page","status-publish","hentry"],"yoast_head":"<!-- This site is optimized with the Yoast SEO plugin v27.5 - https:\/\/yoast.com\/product\/yoast-seo-wordpress\/ -->\n<title>- MG Constructions m\u00e9talliques Pays de la Loire<\/title>\n<meta name=\"description\" content=\"MATEO-GARCIA Constructions m\u00e9talliques : bardage m\u00e9tallique 49 et 44 en Pays de la Loire. B\u00e2timents commerciaux, industriels ou agricoles.\" \/>\n<meta name=\"robots\" content=\"index, follow, max-snippet:-1, max-image-preview:large, max-video-preview:-1\" \/>\n<link rel=\"canonical\" href=\"https:\/\/mg-cm.fr\/index.php\/bardage-metallique-mateo-garcia\/\" \/>\n<meta property=\"og:locale\" content=\"fr_FR\" \/>\n<meta property=\"og:type\" content=\"article\" \/>\n<meta property=\"og:title\" content=\"- MG Constructions m\u00e9talliques Pays de la Loire\" \/>\n<meta property=\"og:description\" content=\"MATEO-GARCIA Constructions m\u00e9talliques : bardage m\u00e9tallique 49 et 44 en Pays de la Loire. B\u00e2timents commerciaux, industriels ou agricoles.\" \/>\n<meta property=\"og:url\" content=\"https:\/\/mg-cm.fr\/index.php\/bardage-metallique-mateo-garcia\/\" \/>\n<meta property=\"og:site_name\" content=\"MATEO-GARCIA Constructions M\u00e9talliques Or\u00e9e d&#039;Anjou\" \/>\n<meta property=\"article:modified_time\" content=\"2022-01-20T11:51:10+00:00\" \/>\n<meta property=\"og:image\" content=\"https:\/\/mg-cm.fr\/wp-content\/uploads\/2019\/10\/bardage-m\u00e9tallique.jpg\" \/>\n<meta name=\"twitter:card\" content=\"summary_large_image\" \/>\n<meta name=\"twitter:label1\" content=\"Dur\u00e9e de lecture estim\u00e9e\" \/>\n\t<meta name=\"twitter:data1\" content=\"4 minutes\" \/>\n<script type=\"application\/ld+json\" class=\"yoast-schema-graph\">{\"@context\":\"https:\\\/\\\/schema.org\",\"@graph\":[{\"@type\":\"WebPage\",\"@id\":\"https:\\\/\\\/mg-cm.fr\\\/index.php\\\/bardage-metallique-mateo-garcia\\\/\",\"url\":\"https:\\\/\\\/mg-cm.fr\\\/index.php\\\/bardage-metallique-mateo-garcia\\\/\",\"name\":\"- MG Constructions m\u00e9talliques Pays de la Loire\",\"isPartOf\":{\"@id\":\"https:\\\/\\\/mg-cm.fr\\\/#website\"},\"primaryImageOfPage\":{\"@id\":\"https:\\\/\\\/mg-cm.fr\\\/index.php\\\/bardage-metallique-mateo-garcia\\\/#primaryimage\"},\"image\":{\"@id\":\"https:\\\/\\\/mg-cm.fr\\\/index.php\\\/bardage-metallique-mateo-garcia\\\/#primaryimage\"},\"thumbnailUrl\":\"https:\\\/\\\/mg-cm.fr\\\/wp-content\\\/uploads\\\/2022\\\/01\\\/20200207_150700-scaled.jpg\",\"datePublished\":\"2019-10-30T08:58:39+00:00\",\"dateModified\":\"2022-01-20T11:51:10+00:00\",\"description\":\"MATEO-GARCIA Constructions m\u00e9talliques : bardage m\u00e9tallique 49 et 44 en Pays de la Loire. B\u00e2timents commerciaux, industriels ou agricoles.\",\"breadcrumb\":{\"@id\":\"https:\\\/\\\/mg-cm.fr\\\/index.php\\\/bardage-metallique-mateo-garcia\\\/#breadcrumb\"},\"inLanguage\":\"fr-FR\",\"potentialAction\":[{\"@type\":\"ReadAction\",\"target\":[\"https:\\\/\\\/mg-cm.fr\\\/index.php\\\/bardage-metallique-mateo-garcia\\\/\"]}]},{\"@type\":\"ImageObject\",\"inLanguage\":\"fr-FR\",\"@id\":\"https:\\\/\\\/mg-cm.fr\\\/index.php\\\/bardage-metallique-mateo-garcia\\\/#primaryimage\",\"url\":\"https:\\\/\\\/mg-cm.fr\\\/wp-content\\\/uploads\\\/2022\\\/01\\\/20200207_150700-scaled.jpg\",\"contentUrl\":\"https:\\\/\\\/mg-cm.fr\\\/wp-content\\\/uploads\\\/2022\\\/01\\\/20200207_150700-scaled.jpg\",\"width\":2560,\"height\":1920},{\"@type\":\"BreadcrumbList\",\"@id\":\"https:\\\/\\\/mg-cm.fr\\\/index.php\\\/bardage-metallique-mateo-garcia\\\/#breadcrumb\",\"itemListElement\":[{\"@type\":\"ListItem\",\"position\":1,\"name\":\"Home\",\"item\":\"https:\\\/\\\/mg-cm.fr\\\/\"},{\"@type\":\"ListItem\",\"position\":2,\"name\":\"Bardage m\u00e9tallique\"}]},{\"@type\":\"WebSite\",\"@id\":\"https:\\\/\\\/mg-cm.fr\\\/#website\",\"url\":\"https:\\\/\\\/mg-cm.fr\\\/\",\"name\":\"MATEO-GARCIA Constructions M\u00e9talliques Or\u00e9e d&#039;Anjou\",\"description\":\"B\u00e2timents agricoles, commerciaux et industriels en Pays de la Loire\",\"publisher\":{\"@id\":\"https:\\\/\\\/mg-cm.fr\\\/#organization\"},\"potentialAction\":[{\"@type\":\"SearchAction\",\"target\":{\"@type\":\"EntryPoint\",\"urlTemplate\":\"https:\\\/\\\/mg-cm.fr\\\/?s={search_term_string}\"},\"query-input\":{\"@type\":\"PropertyValueSpecification\",\"valueRequired\":true,\"valueName\":\"search_term_string\"}}],\"inLanguage\":\"fr-FR\"},{\"@type\":\"Organization\",\"@id\":\"https:\\\/\\\/mg-cm.fr\\\/#organization\",\"name\":\"MATEO-GARCIA Constructions M\u00e9talliques Or\u00e9e d&#039;Anjou\",\"url\":\"https:\\\/\\\/mg-cm.fr\\\/\",\"logo\":{\"@type\":\"ImageObject\",\"inLanguage\":\"fr-FR\",\"@id\":\"https:\\\/\\\/mg-cm.fr\\\/#\\\/schema\\\/logo\\\/image\\\/\",\"url\":\"https:\\\/\\\/mg-cm.fr\\\/wp-content\\\/uploads\\\/2019\\\/10\\\/cropped-MG-Logo-ConvertImage-15-pourcent-1.jpg\",\"contentUrl\":\"https:\\\/\\\/mg-cm.fr\\\/wp-content\\\/uploads\\\/2019\\\/10\\\/cropped-MG-Logo-ConvertImage-15-pourcent-1.jpg\",\"width\":302,\"height\":242,\"caption\":\"MATEO-GARCIA Constructions M\u00e9talliques Or\u00e9e d&#039;Anjou\"},\"image\":{\"@id\":\"https:\\\/\\\/mg-cm.fr\\\/#\\\/schema\\\/logo\\\/image\\\/\"}}]}<\/script>\n<!-- \/ Yoast SEO plugin. -->","yoast_head_json":{"title":"- MG Constructions m\u00e9talliques Pays de la Loire","description":"MATEO-GARCIA Constructions m\u00e9talliques : bardage m\u00e9tallique 49 et 44 en Pays de la Loire. B\u00e2timents commerciaux, industriels ou agricoles.","robots":{"index":"index","follow":"follow","max-snippet":"max-snippet:-1","max-image-preview":"max-image-preview:large","max-video-preview":"max-video-preview:-1"},"canonical":"https:\/\/mg-cm.fr\/index.php\/bardage-metallique-mateo-garcia\/","og_locale":"fr_FR","og_type":"article","og_title":"- MG Constructions m\u00e9talliques Pays de la Loire","og_description":"MATEO-GARCIA Constructions m\u00e9talliques : bardage m\u00e9tallique 49 et 44 en Pays de la Loire. B\u00e2timents commerciaux, industriels ou agricoles.","og_url":"https:\/\/mg-cm.fr\/index.php\/bardage-metallique-mateo-garcia\/","og_site_name":"MATEO-GARCIA Constructions M\u00e9talliques Or\u00e9e d&#039;Anjou","article_modified_time":"2022-01-20T11:51:10+00:00","og_image":[{"url":"https:\/\/mg-cm.fr\/wp-content\/uploads\/2019\/10\/bardage-m\u00e9tallique.jpg","type":"","width":"","height":""}],"twitter_card":"summary_large_image","twitter_misc":{"Dur\u00e9e de lecture estim\u00e9e":"4 minutes"},"schema":{"@context":"https:\/\/schema.org","@graph":[{"@type":"WebPage","@id":"https:\/\/mg-cm.fr\/index.php\/bardage-metallique-mateo-garcia\/","url":"https:\/\/mg-cm.fr\/index.php\/bardage-metallique-mateo-garcia\/","name":"- MG Constructions m\u00e9talliques Pays de la Loire","isPartOf":{"@id":"https:\/\/mg-cm.fr\/#website"},"primaryImageOfPage":{"@id":"https:\/\/mg-cm.fr\/index.php\/bardage-metallique-mateo-garcia\/#primaryimage"},"image":{"@id":"https:\/\/mg-cm.fr\/index.php\/bardage-metallique-mateo-garcia\/#primaryimage"},"thumbnailUrl":"https:\/\/mg-cm.fr\/wp-content\/uploads\/2022\/01\/20200207_150700-scaled.jpg","datePublished":"2019-10-30T08:58:39+00:00","dateModified":"2022-01-20T11:51:10+00:00","description":"MATEO-GARCIA Constructions m\u00e9talliques : bardage m\u00e9tallique 49 et 44 en Pays de la Loire. B\u00e2timents commerciaux, industriels ou agricoles.","breadcrumb":{"@id":"https:\/\/mg-cm.fr\/index.php\/bardage-metallique-mateo-garcia\/#breadcrumb"},"inLanguage":"fr-FR","potentialAction":[{"@type":"ReadAction","target":["https:\/\/mg-cm.fr\/index.php\/bardage-metallique-mateo-garcia\/"]}]},{"@type":"ImageObject","inLanguage":"fr-FR","@id":"https:\/\/mg-cm.fr\/index.php\/bardage-metallique-mateo-garcia\/#primaryimage","url":"https:\/\/mg-cm.fr\/wp-content\/uploads\/2022\/01\/20200207_150700-scaled.jpg","contentUrl":"https:\/\/mg-cm.fr\/wp-content\/uploads\/2022\/01\/20200207_150700-scaled.jpg","width":2560,"height":1920},{"@type":"BreadcrumbList","@id":"https:\/\/mg-cm.fr\/index.php\/bardage-metallique-mateo-garcia\/#breadcrumb","itemListElement":[{"@type":"ListItem","position":1,"name":"Home","item":"https:\/\/mg-cm.fr\/"},{"@type":"ListItem","position":2,"name":"Bardage m\u00e9tallique"}]},{"@type":"WebSite","@id":"https:\/\/mg-cm.fr\/#website","url":"https:\/\/mg-cm.fr\/","name":"MATEO-GARCIA Constructions M\u00e9talliques Or\u00e9e d&#039;Anjou","description":"B\u00e2timents agricoles, commerciaux et industriels en Pays de la Loire","publisher":{"@id":"https:\/\/mg-cm.fr\/#organization"},"potentialAction":[{"@type":"SearchAction","target":{"@type":"EntryPoint","urlTemplate":"https:\/\/mg-cm.fr\/?s={search_term_string}"},"query-input":{"@type":"PropertyValueSpecification","valueRequired":true,"valueName":"search_term_string"}}],"inLanguage":"fr-FR"},{"@type":"Organization","@id":"https:\/\/mg-cm.fr\/#organization","name":"MATEO-GARCIA Constructions M\u00e9talliques Or\u00e9e d&#039;Anjou","url":"https:\/\/mg-cm.fr\/","logo":{"@type":"ImageObject","inLanguage":"fr-FR","@id":"https:\/\/mg-cm.fr\/#\/schema\/logo\/image\/","url":"https:\/\/mg-cm.fr\/wp-content\/uploads\/2019\/10\/cropped-MG-Logo-ConvertImage-15-pourcent-1.jpg","contentUrl":"https:\/\/mg-cm.fr\/wp-content\/uploads\/2019\/10\/cropped-MG-Logo-ConvertImage-15-pourcent-1.jpg","width":302,"height":242,"caption":"MATEO-GARCIA Constructions M\u00e9talliques Or\u00e9e d&#039;Anjou"},"image":{"@id":"https:\/\/mg-cm.fr\/#\/schema\/logo\/image\/"}}]}},"jetpack_sharing_enabled":true,"_links":{"self":[{"href":"https:\/\/mg-cm.fr\/index.php\/wp-json\/wp\/v2\/pages\/449","targetHints":{"allow":["GET"]}}],"collection":[{"href":"https:\/\/mg-cm.fr\/index.php\/wp-json\/wp\/v2\/pages"}],"about":[{"href":"https:\/\/mg-cm.fr\/index.php\/wp-json\/wp\/v2\/types\/page"}],"author":[{"embeddable":true,"href":"https:\/\/mg-cm.fr\/index.php\/wp-json\/wp\/v2\/users\/1"}],"replies":[{"embeddable":true,"href":"https:\/\/mg-cm.fr\/index.php\/wp-json\/wp\/v2\/comments?post=449"}],"version-history":[{"count":5,"href":"https:\/\/mg-cm.fr\/index.php\/wp-json\/wp\/v2\/pages\/449\/revisions"}],"predecessor-version":[{"id":630,"href":"https:\/\/mg-cm.fr\/index.php\/wp-json\/wp\/v2\/pages\/449\/revisions\/630"}],"wp:attachment":[{"href":"https:\/\/mg-cm.fr\/index.php\/wp-json\/wp\/v2\/media?parent=449"}],"curies":[{"name":"wp","href":"https:\/\/api.w.org\/{rel}","templated":true}]}}